{"id":10742,"date":"2019-08-16T16:53:35","date_gmt":"2019-08-16T14:53:35","guid":{"rendered":"https:\/\/musartedo.com.uvirt84.active24.cz\/?page_id=10742"},"modified":"2019-08-26T11:19:34","modified_gmt":"2019-08-26T09:19:34","slug":"prakticke-informace","status":"publish","type":"page","link":"https:\/\/musartedo.com\/en\/prakticke-informace\/","title":{"rendered":"Practical information"},"content":{"rendered":"<p><strong>Praktick\u00e9 informace pro studenty&nbsp;<\/strong><strong>\u0161<\/strong><strong>koly Musartedo<\/strong><\/p>\n\n\n\n<p><strong>Ur\u010dit\u011b\u00a0se pt\u00e1te, jak to v na\u0161\u00ed\u00a0\u0161kole funguje. Proto jsme pro v\u00e1s sepsali praktick\u00e9 informace, kter\u00e9 se v\u00e1m \u00a0budou hodit.<\/strong><\/p>\n\n\n\n<p><strong>Payment&nbsp;<\/strong><strong>\u0161<\/strong><strong>koln\u00e9ho<\/strong><\/p>\n\n\n\n<p>Na kurz jste zaregistrovan\u00ed a\u017e&nbsp;ve chv\u00edli, kdy zaplat\u00edte cel\u00e9&nbsp;\u0161koln\u00e9 nebo prvn\u00ed m\u011bs\u00ed\u010dn\u00ed spl\u00e1tku. Sna\u017e\u00edme se tak p\u0159il\u00e1kat jen v\u00e1\u017en\u00e9 z\u00e1jemce a neblokovat m\u00edsta nerozhodn\u00fdmi. Po m\u011bs\u00edc\u00edch m\u016f\u017eete platit jen dlouhodob\u00e9 kurzy, kter\u00e9 trvaj\u00ed aspo\u0148&nbsp;4 m\u011bs\u00edce. P\u0159i takov\u00e9m spl\u00e1cen\u00ed od n\u00e1s ka\u017ed\u00fd&nbsp;m\u011bs\u00edc dostanete fakturu podle platebn\u00edho kalend\u00e1\u0159e, kter\u00fd&nbsp;pos\u00edl\u00e1me se smlouvou. P\u0159i zad\u00e1v\u00e1n\u00ed platby nezapome\u0148te uv\u00e9st variabiln\u00ed symbol, abychom snadno poznali,&nbsp;\u017ee jde o \u00fahradu pr\u00e1v\u011b&nbsp;od v\u00e1s. Na konci kurzu v\u00e1m pak d\u00e1me da\u0148ov\u00fd&nbsp;doklad s celkovou&nbsp;\u010d\u00e1stkou.<\/p>\n\n\n\n<p><strong>V<\/strong><strong>\u00fd<\/strong><strong>uka<\/strong><\/p>\n\n\n\n<p>Ka\u017ed\u00e1 lekce trv\u00e1 2 hodiny a kon\u00e1 se v\u017edy ve stejn\u00fd&nbsp;den a stejn\u00fd \u010das, nap\u0159\u00edklad ka\u017ed\u00fd \u010dtvrtek od 18.00 hod. Ve skupin\u011b&nbsp;b\u00fdv\u00e1 maxim\u00e1ln\u011b&nbsp;6 student\u016f. Ka\u017ed\u00fd&nbsp;student m\u00e1 k dispozici po\u010d\u00edta\u010d, kontroler a dal\u0161\u00ed pot\u0159ebn\u00e9 p\u0159\u00edslu\u0161enstv\u00ed.<\/p>\n\n\n\n<p><strong>Tr\u00e9ninkov\u00e9 hodiny<\/strong><\/p>\n\n\n\n<p>Neu\u010d\u00edme jen teorii. Ke ka\u017ed\u00e9 v\u00fdkladov\u00e9 dvouhodin\u011b&nbsp;(jedn\u00e9 lekci) m\u016f\u017eete m\u00edt 2 tr\u00e9ninkov\u00e9 hodiny v t\u00fddnu. Ty se nemohou kumulovat a je nutn\u00e9 se na nich p\u0159edem domluvit na Facebooku, na e-mailu info@musartedo.com nebo na telefonu 702 119 720. Ide\u00e1ln\u00ed je tyto hodiny vyu\u017e\u00edvat ka\u017ed\u00fd&nbsp;t\u00fdden.<\/p>\n\n\n\n<p><strong>Jak se k n\u00e1m dostanete<\/strong><\/p>\n\n\n\n<p>Musartedo najdete na adrese&nbsp;\u017ditavsk\u00e9ho 521 v Praze 5, na Zbraslavi. Pokud k n\u00e1m p\u0159ijedete autem, m\u016f\u017eete zaparkovat p\u0159\u00edmo u vchodu do&nbsp;\u0161koly, v ulici&nbsp;\u0160urova. Je to zdarma a bezpe\u010dn\u00e9.<\/p>\n\n\n\n<p>Kdy\u017e&nbsp;se dostanete metrem na Sm\u00edchovsk\u00e9 n\u00e1dra\u017e\u00ed, vyu\u017eijte autobus&nbsp;\u010d. 241, 129, 390, 318, 314, 361 nebo 338. Doje\u010fte na zast\u00e1vku Zbraslavsk\u00e9 n\u00e1m\u011bst\u00ed nebo Most Z\u00e1vodu m\u00edru. Autobusy sem jezd\u00ed ka\u017ed\u00fdch 5 minut, tak\u017ee se k n\u00e1m dostanete pohodln\u011b.<\/p>\n\n\n\n<p><strong>Co m\u00edt s sebou<\/strong><\/p>\n\n\n\n<p>\u00dapln\u011b&nbsp;sta\u010d\u00ed tu\u017eka a pap\u00edr. V\u0161echno ostatn\u00ed m\u00e1me ve&nbsp;\u0161kole. K\u00e1vu a&nbsp;\u010daj si m\u016f\u017eete d\u00e1t kdykoli zdarma, v ledni\u010dce je pro v\u00e1s p\u0159ipraven\u00fd&nbsp;Redbull. Sta\u010d\u00ed ho zaplatit v kasi\u010dce p\u0159\u00edmo na ledni\u010dce.<\/p>","protected":false},"excerpt":{"rendered":"<p>Praktick\u00e9 informace pro studenty&nbsp;\u0161koly Musartedo Ur\u010dit\u011b\u00a0se pt\u00e1te, jak to v na\u0161\u00ed\u00a0\u0161kole funguje. Proto jsme pro v\u00e1s sepsali praktick\u00e9 informace, kter\u00e9 se v\u00e1m \u00a0budou hodit. Platba&nbsp;\u0161koln\u00e9ho Na kurz jste zaregistrovan\u00ed a\u017e&nbsp;ve chv\u00edli, kdy zaplat\u00edte cel\u00e9&nbsp;\u0161koln\u00e9 nebo prvn\u00ed m\u011bs\u00ed\u010dn\u00ed spl\u00e1tku. Sna\u017e\u00edme se &hellip; <\/p>","protected":false},"author":15,"featured_media":0,"parent":0,"menu_order":0,"comment_status":"closed","ping_status":"closed","template":"","meta":{"_acf_changed":false,"pmpro_default_level":"","footnotes":""},"class_list":["post-10742","page","type-page","status-publish","hentry","pmpro-has-access"],"acf":[],"_links":{"self":[{"href":"https:\/\/musartedo.com\/en\/wp-json\/wp\/v2\/pages\/10742","targetHints":{"allow":["GET"]}}],"collection":[{"href":"https:\/\/musartedo.com\/en\/wp-json\/wp\/v2\/pages"}],"about":[{"href":"https:\/\/musartedo.com\/en\/wp-json\/wp\/v2\/types\/page"}],"author":[{"embeddable":true,"href":"https:\/\/musartedo.com\/en\/wp-json\/wp\/v2\/users\/15"}],"replies":[{"embeddable":true,"href":"https:\/\/musartedo.com\/en\/wp-json\/wp\/v2\/comments?post=10742"}],"version-history":[{"count":0,"href":"https:\/\/musartedo.com\/en\/wp-json\/wp\/v2\/pages\/10742\/revisions"}],"wp:attachment":[{"href":"https:\/\/musartedo.com\/en\/wp-json\/wp\/v2\/media?parent=10742"}],"curies":[{"name":"wp","href":"https:\/\/api.w.org\/{rel}","templated":true}]}}