{"id":11560,"date":"2019-11-11T16:29:20","date_gmt":"2019-11-11T15:29:20","guid":{"rendered":"https:\/\/musartedo.com\/?page_id=11560"},"modified":"2022-04-21T12:01:36","modified_gmt":"2022-04-21T10:01:36","slug":"login","status":"publish","type":"page","link":"https:\/\/musartedo.com\/en\/login\/","title":{"rendered":"Login"},"content":{"rendered":"<div data-elementor-type=\"wp-post\" data-elementor-id=\"11560\" class=\"elementor elementor-11560\" data-elementor-post-type=\"page\">\n\t\t\t\t\t\t<section class=\"elementor-section elementor-top-section elementor-element elementor-element-5c10b5ab elementor-section-full_width elementor-section-height-default elementor-section-height-default\" data-id=\"5c10b5ab\" data-element_type=\"section\">\n\t\t\t\t\t\t<div class=\"elementor-container elementor-column-gap-default\">\n\t\t\t\t\t<div class=\"elementor-column elementor-col-50 elementor-top-column elementor-element elementor-element-5a91f95e\" data-id=\"5a91f95e\" data-element_type=\"column\">\n\t\t\t<div class=\"elementor-widget-wrap elementor-element-populated\">\n\t\t\t\t\t\t<div class=\"elementor-element elementor-element-f549ca6 elementor-widget elementor-widget-heading\" data-id=\"f549ca6\" data-element_type=\"widget\" data-widget_type=\"heading.default\">\n\t\t\t\t<div class=\"elementor-widget-container\">\n\t\t\t\t\t<h2 class=\"elementor-heading-title elementor-size-default\">Vstup pro studenty<\/h2>\t\t\t\t<\/div>\n\t\t\t\t<\/div>\n\t\t\t\t<div class=\"elementor-element elementor-element-570eb6b elementor-widget elementor-widget-thim-login-form\" data-id=\"570eb6b\" data-element_type=\"widget\" data-widget_type=\"thim-login-form.default\">\n\t\t\t\t<div class=\"elementor-widget-container\">\n\t\t\t\t\t\n<div id=\"thim-form-login\">\n\t<div class=\"thim-login-container\">\n\t\t<div class=\"thim-login form-submission-login\">\n\t\t\t<h2 class=\"title\">Login with your site account<\/h2>\n\t\t\t<form name=\"loginform\" action=\"https:\/\/musartedo.com\/wp-login.php\"\n\t\t\t\tmethod=\"post\" novalidate>\n\t\t\t\t<p class=\"login-username\">\n\t\t\t\t\t<input type=\"text\" name=\"log\" placeholder=\"Username or email\"\n\t\t\t\t\t\tclass=\"input required\" size=\"20\" aria-label=\"Username or email\"\/>\n\t\t\t\t<\/p>\n\t\t\t\t<p class=\"login-password\">\n\t\t\t\t\t<input type=\"password\" name=\"pwd\" placeholder=\"Password\"\n\t\t\t\t\t\tclass=\"input required\" value=\"\" size=\"20\" aria-label=\"Password\"\/>\n\t\t\t\t<\/p>\n\t\t\t\t\t\t\t\t\t\t\t\t<a class=\"lost-pass-link\" href=\"https:\/\/musartedo.com\/en\/login\/?action=lostpassword\" title=\"Lost Password\">Lost your password?<\/a>\t\t\t\t<p class=\"forgetmenot login-remember\">\n\t\t\t\t\t<label for=\"rememberMe\">\n\t\t\t\t\t\t<input name=\"rememberme\" type=\"checkbox\" id=\"rememberMe\"\n\t\t\t\t\t\t\tvalue=\"forever\"\/> Remember Me\t\t\t\t\t<\/label>\n\t\t\t\t<\/p>\n\t\t\t\t<p class=\"submit login-submit\">\n\t\t\t\t\t<input type=\"submit\" name=\"wp-submit\" class=\"button button-primary button-large\"\n\t\t\t\t\t\tvalue=\"Login\"\/>\n\t\t\t\t\t<input type=\"hidden\" name=\"redirect_to\"\n\t\t\t\t\t\tvalue=\"https:\/\/musartedo.com\/en\/wp-json\/wp\/v2\/pages\/11560\"\/>\n\t\t\t\t\t<input type=\"hidden\" name=\"testcookie\" value=\"1\"\/>\n\t\t\t\t\t<input type=\"hidden\" name=\"eduma_login_user\">\n\t\t\t\t<\/p>\n\t\t\t<\/form>\n\t\t\t<p class=\"link-bottom\">Not a member yet?  <a href=\"https:\/\/musartedo.com\/en\/login\/?action=register\">Register now<\/a><\/p>\t\t<\/div>\n\t<\/div>\n<\/div>\n\n\t\t\t\t<\/div>\n\t\t\t\t<\/div>\n\t\t\t\t<div class=\"elementor-element elementor-element-2b96c94 elementor-widget elementor-widget-heading\" data-id=\"2b96c94\" data-element_type=\"widget\" data-widget_type=\"heading.default\">\n\t\t\t\t<div class=\"elementor-widget-container\">\n\t\t\t\t\t<h4 class=\"elementor-heading-title elementor-size-default\">\nnebo<\/h4>\t\t\t\t<\/div>\n\t\t\t\t<\/div>\n\t\t\t\t<div class=\"elementor-element elementor-element-4043935 elementor-align-center button elementor-widget elementor-widget-button\" data-id=\"4043935\" data-element_type=\"widget\" data-widget_type=\"button.default\">\n\t\t\t\t<div class=\"elementor-widget-container\">\n\t\t\t\t\t\t\t\t\t<div class=\"elementor-button-wrapper\">\n\t\t\t\t\t<a class=\"elementor-button elementor-button-link elementor-size-md\" href=\"\/login\/?action=register\">\n\t\t\t\t\t\t<span class=\"elementor-button-content-wrapper\">\n\t\t\t\t\t\t\t\t\t<span class=\"elementor-button-text\">registrovat se<\/span>\n\t\t\t\t\t<\/span>\n\t\t\t\t\t<\/a>\n\t\t\t\t<\/div>\n\t\t\t\t\t\t\t\t<\/div>\n\t\t\t\t<\/div>\n\t\t\t\t\t<\/div>\n\t\t<\/div>\n\t\t\t\t<div class=\"elementor-column elementor-col-50 elementor-top-column elementor-element elementor-element-5eb20f9e\" data-id=\"5eb20f9e\" data-element_type=\"column\">\n\t\t\t<div class=\"elementor-widget-wrap elementor-element-populated\">\n\t\t\t\t\t\t<div class=\"elementor-element elementor-element-1ea79e37 elementor-widget elementor-widget-heading\" data-id=\"1ea79e37\" data-element_type=\"widget\" data-widget_type=\"heading.default\">\n\t\t\t\t<div class=\"elementor-widget-container\">\n\t\t\t\t\t<h2 class=\"elementor-heading-title elementor-size-default\"><a href=\"\/nase-kurzy\/\">Je\u0161t\u011b nejsi na\u0161\u00edm studentem?<\/a><\/h2>\t\t\t\t<\/div>\n\t\t\t\t<\/div>\n\t\t\t\t<div class=\"elementor-element elementor-element-fd0a87d elementor-widget elementor-widget-heading\" data-id=\"fd0a87d\" data-element_type=\"widget\" data-widget_type=\"heading.default\">\n\t\t\t\t<div class=\"elementor-widget-container\">\n\t\t\t\t\t<h3 class=\"elementor-heading-title elementor-size-default\"><a href=\"\/nase-kurzy\/\">Nevad\u00ed. Registruj se na n\u011bkter\u00fd z na\u0161ich kurz\u016f hudebn\u00ed produkce nebo DJingu a z\u00edsk\u00e1\u0161 p\u0159\u00edstup k exkluz\u00edvn\u00edm studijn\u00edm materi\u00e1l\u016fm na\u0161\u00ed \u0161koly.<\/a><\/h3>\t\t\t\t<\/div>\n\t\t\t\t<\/div>\n\t\t\t\t<div class=\"elementor-element elementor-element-11648961 elementor-align-center button elementor-widget elementor-widget-button\" data-id=\"11648961\" data-element_type=\"widget\" id=\"single_add_to_cart_button button alt\" data-widget_type=\"button.default\">\n\t\t\t\t<div class=\"elementor-widget-container\">\n\t\t\t\t\t\t\t\t\t<div class=\"elementor-button-wrapper\">\n\t\t\t\t\t<a class=\"elementor-button elementor-button-link elementor-size-md\" href=\"\/nase-kurzy\/\">\n\t\t\t\t\t\t<span class=\"elementor-button-content-wrapper\">\n\t\t\t\t\t\t\t\t\t<span class=\"elementor-button-text\">j\u00edt na kurzy<\/span>\n\t\t\t\t\t<\/span>\n\t\t\t\t\t<\/a>\n\t\t\t\t<\/div>\n\t\t\t\t\t\t\t\t<\/div>\n\t\t\t\t<\/div>\n\t\t\t\t\t<\/div>\n\t\t<\/div>\n\t\t\t\t\t<\/div>\n\t\t<\/section>\n\t\t\t\t<section class=\"elementor-section elementor-top-section elementor-element elementor-element-f728d27 elementor-section-boxed elementor-section-height-default elementor-section-height-default\" data-id=\"f728d27\" data-element_type=\"section\">\n\t\t\t\t\t\t<div class=\"elementor-container elementor-column-gap-default\">\n\t\t\t\t\t<div class=\"elementor-column elementor-col-100 elementor-top-column elementor-element elementor-element-7f51cc0\" data-id=\"7f51cc0\" data-element_type=\"column\">\n\t\t\t<div class=\"elementor-widget-wrap\">\n\t\t\t\t\t\t\t<\/div>\n\t\t<\/div>\n\t\t\t\t\t<\/div>\n\t\t<\/section>\n\t\t\t\t<\/div>","protected":false},"excerpt":{"rendered":"<p>Vstup pro studenty You have logged in. Sign Out nebo registrovat se Je\u0161t\u011b nejsi na\u0161\u00edm studentem? Nevad\u00ed. Registruj se na n\u011bkter\u00fd z na\u0161ich kurz\u016f hudebn\u00ed produkce nebo DJingu a z\u00edsk\u00e1\u0161 p\u0159\u00edstup k exkluz\u00edvn\u00edm studijn\u00edm materi\u00e1l\u016fm na\u0161\u00ed \u0161koly. j\u00edt na kurzy<\/p>","protected":false},"author":15,"featured_media":0,"parent":0,"menu_order":0,"comment_status":"closed","ping_status":"closed","template":"","meta":{"_acf_changed":false,"pmpro_default_level":"","footnotes":""},"class_list":["post-11560","page","type-page","status-publish","hentry","pmpro-has-access"],"acf":[],"_links":{"self":[{"href":"https:\/\/musartedo.com\/en\/wp-json\/wp\/v2\/pages\/11560","targetHints":{"allow":["GET"]}}],"collection":[{"href":"https:\/\/musartedo.com\/en\/wp-json\/wp\/v2\/pages"}],"about":[{"href":"https:\/\/musartedo.com\/en\/wp-json\/wp\/v2\/types\/page"}],"author":[{"embeddable":true,"href":"https:\/\/musartedo.com\/en\/wp-json\/wp\/v2\/users\/15"}],"replies":[{"embeddable":true,"href":"https:\/\/musartedo.com\/en\/wp-json\/wp\/v2\/comments?post=11560"}],"version-history":[{"count":18,"href":"https:\/\/musartedo.com\/en\/wp-json\/wp\/v2\/pages\/11560\/revisions"}],"predecessor-version":[{"id":17687,"href":"https:\/\/musartedo.com\/en\/wp-json\/wp\/v2\/pages\/11560\/revisions\/17687"}],"wp:attachment":[{"href":"https:\/\/musartedo.com\/en\/wp-json\/wp\/v2\/media?parent=11560"}],"curies":[{"name":"wp","href":"https:\/\/api.w.org\/{rel}","templated":true}]}}