{"id":8845,"date":"2019-04-29T16:42:41","date_gmt":"2019-04-29T14:42:41","guid":{"rendered":"https:\/\/musartedo.com.uvirt84.active24.cz\/?page_id=8845"},"modified":"2021-08-02T15:44:01","modified_gmt":"2021-08-02T13:44:01","slug":"instruktori","status":"publish","type":"page","link":"https:\/\/musartedo.com\/en\/instruktori\/","title":{"rendered":"instructors"},"content":{"rendered":"<div id=\"pl-8845\"  class=\"panel-layout\" ><div id=\"pg-8845-0\"  class=\"panel-grid panel-no-style\" ><div id=\"pgc-8845-0-0\"  class=\"panel-grid-cell\" ><div id=\"panel-8845-0-0-0\" class=\"so-panel widget widget_heading panel-first-child panel-last-child\" data-index=\"0\" ><div class=\"panel-widget-style panel-widget-style-for-8845-0-0-0\" ><div class=\"thim-widget-heading template-base\"><div class=\"sc_heading  text-center\"><h3 style=\"text-transform: uppercase;\" class=\"title\">Na\u0161i instrukto\u0159i<\/h3><span class=\"line\"><\/span><\/div><\/div><\/div><\/div><\/div><\/div><div id=\"pg-8845-1\"  class=\"panel-grid panel-no-style\" ><div id=\"pgc-8845-1-0\"  class=\"panel-grid-cell\" ><div id=\"panel-8845-1-0-0\" class=\"so-panel widget widget_gallery-images panel-first-child panel-last-child\" data-index=\"1\" ><div class=\"thim-widget-gallery-images template-base\"><div class=\"thim-carousel-wrapper gallery-img\" data-visible=\"1\" data-itemtablet=\"2\" data-itemmobile=\"1\" data-autoplay=\"0\" data-navigation=\"0\" data-pagination=\"1\" data-loop=\"true\"><div class=\"item\"><img fetchpriority=\"high\" decoding=\"async\" width=\"1550\" height=\"730\" src=\"https:\/\/musartedo.com\/wp-content\/uploads\/2019\/06\/ms-dj.jpg\" class=\"attachment-full size-full\" alt=\"\" srcset=\"https:\/\/musartedo.com\/wp-content\/uploads\/2019\/06\/ms-dj.jpg 1550w, https:\/\/musartedo.com\/wp-content\/uploads\/2019\/06\/ms-dj-300x141.jpg 300w, https:\/\/musartedo.com\/wp-content\/uploads\/2019\/06\/ms-dj-768x362.jpg 768w, https:\/\/musartedo.com\/wp-content\/uploads\/2019\/06\/ms-dj-1024x482.jpg 1024w, https:\/\/musartedo.com\/wp-content\/uploads\/2019\/06\/ms-dj-600x283.jpg 600w, https:\/\/musartedo.com\/wp-content\/uploads\/2019\/06\/ms-dj-18x8.jpg 18w\" sizes=\"(max-width: 1550px) 100vw, 1550px\" \/><\/div><\/div><\/div><\/div><\/div><\/div><div id=\"pg-8845-2\"  class=\"panel-grid panel-no-style\" ><div id=\"pgc-8845-2-0\"  class=\"panel-grid-cell\" ><div id=\"panel-8845-2-0-0\" class=\"so-panel widget widget_text panel-first-child panel-last-child\" data-index=\"2\" ><h3 class=\"widget-title\">Kdo jsme<\/h3>\t\t\t<div class=\"textwidget\">N\u00e1\u0161 team se skl\u00e1d\u00e1 z profesion\u00e1ln\u00edch hudebn\u00edk\u016f, producent\u016f a DJs, kte\u0159\u00ed cht\u011bj\u00ed sd\u00edlet sv\u00e9 dlouhodob\u00e9 zku\u0161enosti v oboru a p\u0159isp\u011bt t\u00edm k rozvoji \u010desk\u00e9 hudebn\u00ed elektronick\u00e9 a popov\u00e9 sc\u00e9ny. Nez\u00e1le\u017e\u00ed na tom, jak\u00e9mu hudebn\u00edmu \u017e\u00e1nru se chcete v\u011bnovat, proto\u017ee ve \u0161kole Musartedo se m\u00e1te v\u017edy na koho obr\u00e1tit, abyste obdr\u017eeli odborn\u00fd feedback. \n<br><br>\nPod\u00edvejte se na podrobn\u011bj\u0161\u00ed informace o na\u0161ich instruktorech.<\/div>\n\t\t<\/div><\/div><div id=\"pgc-8845-2-1\"  class=\"panel-grid-cell panel-grid-cell-empty\" ><\/div><div id=\"pgc-8845-2-2\"  class=\"panel-grid-cell\" ><div id=\"panel-8845-2-2-0\" class=\"so-panel widget widget_text panel-first-child panel-last-child\" data-index=\"3\" ><h3 class=\"widget-title\">Co d\u011bl\u00e1me<\/h3>\t\t\t<div class=\"textwidget\">Chceme, aby \u010desk\u00e1 elektronick\u00e1 hudba mohla v budoucnu konkurovat zahrani\u010dn\u00edm produkc\u00edm. Aby se tak stalo, je nutn\u00e9, aby \u010de\u0161t\u00ed hudebn\u00ed producenti krom\u011b sv\u00e9ho talentu rozv\u00edjeli i sv\u00e9 znalosti ve v\u0161ech oblastech hudebn\u00ed produkce. Proto spole\u010dn\u011b neust\u00e1le zdokonalujeme koncept vzd\u011bl\u00e1v\u00e1n\u00ed \u0161koly Musartedo, vytv\u00e1\u0159\u00edme pro v\u00e1s video tutori\u00e1ly nebo textov\u00e9 p\u0159\u00edsp\u011bvky do blogu \u0161koly.\n<br><br>\nMusartedo je komunita lid\u00ed, kte\u0159\u00ed to s hudbou mysl\u00ed v\u00e1\u017en\u011b. P\u0159idejte se k n\u00e1m a sd\u00edlejte s n\u00e1mi radost z tvorby!<\/div>\n\t\t<\/div><\/div><\/div><div id=\"pg-8845-3\"  class=\"panel-grid panel-no-style\" ><div id=\"pgc-8845-3-0\"  class=\"panel-grid-cell\" ><div id=\"panel-8845-3-0-0\" class=\"so-panel widget widget_our-team panel-first-child panel-last-child\" data-index=\"4\" ><div class=\"thim-widget-our-team template-our-team\">\n<div class=\"wrapper-lists-our-team icon-image-hover\"><a class=\"join-our-team\" href=\"#\" title=\"Join Our Team\" rel=\"nofollow\" target=\"_blank\">Join Our Team<\/a><div class=\"row\"><div class=\"our-team-item col-sm-3\"><div class=\"our-team-image\"> <a class=\"link-img\" href=\"https:\/\/musartedo.com\/en\/our_team\/pavel-kalina\/\"><\/a><img decoding=\"async\" src=\"https:\/\/musartedo.com\/wp-content\/uploads\/2019\/05\/pavel-portet-200x200.jpg\" alt=\"pavel portet\"  width=\"200\" height=\"200\"><div class=\"social-team\"><a target=\"_blank\" href=\"https:\/\/www.facebook.com\/kalinapavel\"><i class=\"edu-facebook\"><\/i><\/a><\/div><\/div><div class=\"content-team\"><h4 class=\"title\"><a href=\"https:\/\/musartedo.com\/en\/our_team\/pavel-kalina\/\">Pavel Kalina<\/a><\/h4><div class = \"regency\">producent a \u0159editel \u0161koly<\/div><\/div><\/div><div class=\"our-team-item col-sm-3\"><div class=\"our-team-image\"> <a class=\"link-img\" href=\"https:\/\/musartedo.com\/en\/our_team\/risto-sokolovski\/\"><\/a><img decoding=\"async\" src=\"https:\/\/musartedo.com\/wp-content\/uploads\/2019\/06\/risto-portet-2-200x200.jpg\" alt=\"risto &#8211; portet 2\"  width=\"200\" height=\"200\"><div class=\"social-team\"><a target=\"_blank\" href=\"https:\/\/www.facebook.com\/risto238.sokolovski\"><i class=\"edu-facebook\"><\/i><\/a><\/div><\/div><div class=\"content-team\"><h4 class=\"title\"><a href=\"https:\/\/musartedo.com\/en\/our_team\/risto-sokolovski\/\">Risto Sokolovski<\/a><\/h4><div class = \"regency\">sound engineer, producent a DJ<\/div><\/div><\/div><div class=\"our-team-item col-sm-3\"><div class=\"our-team-image\"> <a class=\"link-img\" href=\"https:\/\/musartedo.com\/en\/our_team\/jean-luc\/\"><\/a><img loading=\"lazy\" decoding=\"async\" src=\"https:\/\/musartedo.com\/wp-content\/uploads\/2019\/05\/jeanluc-200x200.jpg\" alt=\"jeanluc\"  width=\"200\" height=\"200\"><div class=\"social-team\"><a target=\"_blank\" href=\"https:\/\/www.facebook.com\/djjeanluc\"><i class=\"edu-facebook\"><\/i><\/a><\/div><\/div><div class=\"content-team\"><h4 class=\"title\"><a href=\"https:\/\/musartedo.com\/en\/our_team\/jean-luc\/\">Jean Luc<\/a><\/h4><div class = \"regency\">producent, remix\u00e9r a dj<\/div><\/div><\/div><div class=\"our-team-item col-sm-3\"><div class=\"our-team-image\"> <a class=\"link-img\" href=\"https:\/\/musartedo.com\/en\/our_team\/subgate\/\"><\/a><img loading=\"lazy\" decoding=\"async\" src=\"https:\/\/musartedo.com\/wp-content\/uploads\/2019\/06\/Subgate_portret-200x200.jpg\" alt=\"Subgate_portret\"  width=\"200\" height=\"200\"><div class=\"social-team\"><a target=\"_blank\" href=\"https:\/\/www.facebook.com\/djsubgate\/\"><i class=\"edu-facebook\"><\/i><\/a><\/div><\/div><div class=\"content-team\"><h4 class=\"title\"><a href=\"https:\/\/musartedo.com\/en\/our_team\/subgate\/\">SUBGATE<\/a><\/h4><div class = \"regency\">Dj a producent<\/div><\/div><\/div><div class=\"our-team-item col-sm-3\"><div class=\"our-team-image\"> <a class=\"link-img\" href=\"https:\/\/musartedo.com\/en\/our_team\/9190\/\"><\/a><img loading=\"lazy\" decoding=\"async\" src=\"https:\/\/musartedo.com\/wp-content\/uploads\/2019\/05\/coastline-200x200.jpg\" alt=\"coastline\"  width=\"200\" height=\"200\"><div class=\"social-team\"><a target=\"_blank\" href=\"https:\/\/www.facebook.com\/thomascoastline\/\"><i class=\"edu-facebook\"><\/i><\/a><\/div><\/div><div class=\"content-team\"><h4 class=\"title\"><a href=\"https:\/\/musartedo.com\/en\/our_team\/9190\/\">Thomas Coastline<\/a><\/h4><div class = \"regency\">\u010desk\u00fd trance DJ a producent<\/div><\/div><\/div><div class=\"our-team-item col-sm-3\"><div class=\"our-team-image\"> <a class=\"link-img\" href=\"https:\/\/musartedo.com\/en\/our_team\/dawe-velli\/\"><\/a><img loading=\"lazy\" decoding=\"async\" src=\"https:\/\/musartedo.com\/wp-content\/uploads\/2019\/06\/dawe-portret-200x200.jpg\" alt=\"dawe portret\"  width=\"200\" height=\"200\"><div class=\"social-team\"><a target=\"_blank\" href=\"https:\/\/www.facebook.com\/DaweVelli\/\"><i class=\"edu-facebook\"><\/i><\/a><\/div><\/div><div class=\"content-team\"><h4 class=\"title\"><a href=\"https:\/\/musartedo.com\/en\/our_team\/dawe-velli\/\">Dawe Velli<\/a><\/h4><div class = \"regency\">DJ A PRODUCENT<\/div><\/div><\/div><div class=\"our-team-item col-sm-3\"><div class=\"our-team-image\"> <a class=\"link-img\" href=\"https:\/\/musartedo.com\/en\/our_team\/martin-dolezal\/\"><\/a><img loading=\"lazy\" decoding=\"async\" src=\"https:\/\/musartedo.com\/wp-content\/uploads\/2019\/08\/Profilovka_BW-e1580734795829-200x200.jpg\" alt=\"Martin Dole\u017eal\"  width=\"200\" height=\"200\"><div class=\"social-team\"><a target=\"_blank\" href=\"https:\/\/www.facebook.com\/Maaaaaaarty\"><i class=\"edu-facebook\"><\/i><\/a><\/div><\/div><div class=\"content-team\"><h4 class=\"title\"><a href=\"https:\/\/musartedo.com\/en\/our_team\/martin-dolezal\/\">Martin Dole\u017eal<\/a><\/h4><div class = \"regency\">KAMERAMAN, ST\u0158IHA\u010c<\/div><\/div><\/div><div class=\"our-team-item col-sm-3\"><div class=\"our-team-image\"> <a class=\"link-img\" href=\"https:\/\/musartedo.com\/en\/our_team\/jakub-riha-video-kurzy-v-praze\/\"><\/a><img loading=\"lazy\" decoding=\"async\" src=\"https:\/\/musartedo.com\/wp-content\/uploads\/2019\/08\/JakubRiha_profile-1-1-200x200.jpg\" alt=\"JakubRiha_profile-1\"  width=\"200\" height=\"200\"><div class=\"social-team\"><a target=\"_blank\" href=\"https:\/\/www.facebook.com\/JakubRiha91\"><i class=\"edu-facebook\"><\/i><\/a><\/div><\/div><div class=\"content-team\"><h4 class=\"title\"><a href=\"https:\/\/musartedo.com\/en\/our_team\/jakub-riha-video-kurzy-v-praze\/\">Jakub \u0158\u00edha<\/a><\/h4><div class = \"regency\">Filmmaker<\/div><\/div><\/div><\/div><\/div><\/div><\/div><\/div><\/div><\/div>","protected":false},"excerpt":{"rendered":"<p>Kdo jsme N\u00e1\u0161 team se skl\u00e1d\u00e1 z profesion\u00e1ln\u00edch hudebn\u00edk\u016f, producent\u016f a DJs, kte\u0159\u00ed cht\u011bj\u00ed sd\u00edlet sv\u00e9 dlouhodob\u00e9 zku\u0161enosti v oboru a p\u0159isp\u011bt t\u00edm k rozvoji \u010desk\u00e9 hudebn\u00ed elektronick\u00e9 a popov\u00e9 sc\u00e9ny. Nez\u00e1le\u017e\u00ed na tom, jak\u00e9mu hudebn\u00edmu \u017e\u00e1nru se chcete v\u011bnovat, &hellip; <\/p>","protected":false},"author":2,"featured_media":0,"parent":0,"menu_order":0,"comment_status":"closed","ping_status":"closed","template":"","meta":{"_acf_changed":false,"pmpro_default_level":"","footnotes":""},"class_list":["post-8845","page","type-page","status-publish","hentry","pmpro-has-access"],"acf":[],"_links":{"self":[{"href":"https:\/\/musartedo.com\/en\/wp-json\/wp\/v2\/pages\/8845","targetHints":{"allow":["GET"]}}],"collection":[{"href":"https:\/\/musartedo.com\/en\/wp-json\/wp\/v2\/pages"}],"about":[{"href":"https:\/\/musartedo.com\/en\/wp-json\/wp\/v2\/types\/page"}],"author":[{"embeddable":true,"href":"https:\/\/musartedo.com\/en\/wp-json\/wp\/v2\/users\/2"}],"replies":[{"embeddable":true,"href":"https:\/\/musartedo.com\/en\/wp-json\/wp\/v2\/comments?post=8845"}],"version-history":[{"count":0,"href":"https:\/\/musartedo.com\/en\/wp-json\/wp\/v2\/pages\/8845\/revisions"}],"wp:attachment":[{"href":"https:\/\/musartedo.com\/en\/wp-json\/wp\/v2\/media?parent=8845"}],"curies":[{"name":"wp","href":"https:\/\/api.w.org\/{rel}","templated":true}]}}