{"id":8894,"date":"2019-04-30T15:38:36","date_gmt":"2019-04-30T13:38:36","guid":{"rendered":"https:\/\/musartedo.com.uvirt84.active24.cz\/?page_id=8894"},"modified":"2022-01-09T16:14:29","modified_gmt":"2022-01-09T15:14:29","slug":"podminky","status":"publish","type":"page","link":"https:\/\/musartedo.com\/en\/podminky\/","title":{"rendered":"podm\u00ednky studia"},"content":{"rendered":"<div id=\"pl-8894\"  class=\"panel-layout\" ><div id=\"pg-8894-0\"  class=\"panel-grid panel-no-style\" ><div id=\"pgc-8894-0-0\"  class=\"panel-grid-cell\" ><div id=\"panel-8894-0-0-0\" class=\"so-panel widget widget_heading panel-first-child panel-last-child\" data-index=\"0\" ><div class=\"thim-widget-heading template-base\"><div class=\"sc_heading  text-center\"><h3 style=\"text-transform: uppercase;\" class=\"title\">STUDY CONDITIONS<\/h3><span class=\"line\"><\/span><\/div><\/div><\/div><\/div><\/div><div id=\"pg-8894-1\"  class=\"panel-grid panel-no-style\" ><div id=\"pgc-8894-1-0\"  class=\"panel-grid-cell\" ><div id=\"panel-8894-1-0-0\" class=\"so-panel widget widget_text panel-first-child panel-last-child\" data-index=\"1\" >\t\t\t<div class=\"textwidget\"><p>PODM\u00cdNKY STUDIA VE \u0160KOLE MUSARTEDO<\/p>\n<p>1. Smluvn\u00ed strany<\/p>\n<p>Tyto Podm\u00ednky studia ve \u0161kole Musartedo (d\u00e1le jen \u201ePodm\u00ednky studia\u201c) upravuj\u00ed vztahy mezi smluvn\u00edmi stranami Smlouvy o studiu, kdy na jedn\u00e9 stran\u011b je Musartedo s.r.o., I\u010cO: 04745833 se s\u00eddlem \u017ditavsk\u00e9ho 521, Praha 5 156 00, \u010cesk\u00e1 republika (d\u00e1le jen \u201c\u0160kola Musartedo\u201d), zapsan\u00e1 podle \u00a771 odst.2 \u017eivnostensk\u00e9ho z\u00e1kona na \u00fa\u0159adu m\u011bstsk\u00e9 \u010d\u00e1sti Praha 16, a na stran\u011b druh\u00e9 je studuj\u00edc\u00ed ve \u0161kole Musartedo (d\u00e1le jen \u201eStudent\u201c).<\/p>\n<p>2. Z\u00e1kladn\u00ed ustanoven\u00ed<\/p>\n<p>Student pod\u00e1n\u00edm objedn\u00e1vky, registrac\u00ed a zakoupen\u00edm kurzu, workshopu, v\u00fdukov\u00fdch program\u016f, video tutori\u00e1l\u016f a dal\u0161\u00edch produkt\u016f (d\u00e1le jen Kurz) potvrzuje, \u017ee se p\u0159ed uzav\u0159en\u00edm smlouvy se \u0160kolou Musartedo sezn\u00e1mil s t\u011bmito Podm\u00ednkami studia a \u017ee s nimi v\u00fdslovn\u011b souhlas\u00ed, a to ve zn\u011bn\u00ed platn\u00e9m a \u00fa\u010dinn\u00e9m v moment\u011b registrace Studenta a zaplacen\u00ed Kurzu nebo jeho \u010d\u00e1sti.<br \/>\nStudent si je v\u011bdom, \u017ee mu koup\u00ed Kurz\u016f, je\u017e jsou nebo budou v obchodn\u00ed nab\u00eddce \u0161koly Musartedo, nevznikaj\u00ed \u017e\u00e1dn\u00e1 pr\u00e1va na pou\u017e\u00edv\u00e1n\u00ed registrovan\u00fdch zna\u010dek, obchodn\u00edch n\u00e1zv\u016f, firemn\u00edch log, aj. \u0160koly Musartedo nebo smluvn\u00edch partner\u016f \u0160koly Musartedo, nen\u00ed-li v konkr\u00e9tn\u00edm p\u0159\u00edpad\u011b zvl\u00e1\u0161tn\u00ed smlouvou sjedn\u00e1no jinak.<\/p>\n<p>Ve\u0161ker\u00e9 v\u00fdukov\u00e9 materi\u00e1ly v podob\u011b elektronick\u00fdch knih, video tutori\u00e1l\u016f, sampl\u016f apod. (d\u00e1le jen V\u00fdukov\u00e9 materi\u00e1ly) jsou vlastnictv\u00edm \u0160koly Musartedo. Student si je v\u011bdom, \u017ee mu zakoupen\u00edm Kurz\u016f \u0160koly Musartedo nevznik\u00e1 pr\u00e1vo s t\u011bmito V\u00fdukov\u00fdm materi\u00e1ly nakl\u00e1dat a manipulavat jinak ne\u017e pro svoji osobn\u00ed studijn\u00ed pot\u0159ebu. Je tedy zak\u00e1z\u00e1no sd\u00edlet, obchodovat nebo jinak komer\u010dn\u011b \u010di nekomer\u010dn\u011b nakl\u00e1dat a manipulovat s V\u00fdukov\u00fdmi materi\u00e1ly \u0160koly Musartedo.<\/p>\n<p>3. Smlouva o studiu<\/p>\n<p>Ka\u017ed\u00fd Student, kter\u00fd se chce \u00fa\u010dastnit Kurz\u016f, po zaplacen\u00ed a registraci podep\u00ed\u0161e se \u0160kolou Musartedo Smlouvu o studiu. Smlouva o studiu obsahuje Podm\u00ednky studia, n\u00e1zev zaplacen\u00e9ho Kurzu, a v p\u0159\u00edpad\u011b plateb na spl\u00e1tky spl\u00e1tkov\u00fd kalend\u00e1\u0159.<\/p>\n<p>4. Platebn\u00ed podm\u00ednky<\/p>\n<p>Pln\u00e1 platba za Kurz mus\u00ed b\u00fdt doru\u010dena nejm\u00e9n\u011b \u010dtrn\u00e1ct (14) dn\u00ed p\u0159ed zah\u00e1jen\u00edm Kurzu, na kter\u00fd se Student p\u0159ihl\u00e1sil a zaregistroval. V p\u0159\u00edpad\u011b Kurz\u016f, kter\u00e9 jsou placeny dle spl\u00e1tkov\u00e9ho kalend\u00e1\u0159e, mus\u00ed b\u00fdt jednotliv\u00e9 spl\u00e1tky zaplaceny nejpozd\u011bji do data uveden\u00e9ho ve Smlouv\u011b o studiu. Platba na spl\u00e1tky se d\u00e1le \u0159\u00edd\u00ed n\u00e1sleduj\u00edc\u00edmi ustanoven\u00edmi uveden\u00fdmi n\u00ed\u017ee.<\/p>\n<p>5. Spl\u00e1tkov\u00fd kalend\u00e1\u0159 a zp\u016fsob placen\u00ed spl\u00e1tek<\/p>\n<p>Platba na spl\u00e1tky dle spl\u00e1tkov\u00e9ho kalend\u00e1\u0159e se \u0159\u00edd\u00ed n\u00e1sleduj\u00edc\u00edmi pravidly. Po zaplacen\u00ed prvn\u00ed spl\u00e1tky, je Student zaregistrov\u00e1n na vybran\u00fd Kurz. Dal\u0161\u00ed spl\u00e1tky za kurz budou zaplaceny oproti vystaven\u00fdm z\u00e1lohov\u00fdm faktur\u00e1m \u0161kolou Musartedo. Po zakon\u010den\u00ed kurzu Student obdr\u017e\u00ed v p\u0159\u00edpad\u011b v\u0161ech uhrazen\u00fdch spl\u00e1tek z\u00e1v\u011bre\u010dnou fakturu jako da\u0148ov\u00fd doklad. Podeps\u00e1n\u00edm Smlouvy o studiu se student zavazuje k dodr\u017eov\u00e1n\u00ed spl\u00e1tkov\u00e9ho kalend\u00e1\u0159e a k \u00fahrad\u011b jednotliv\u00fdch spl\u00e1tek v\u017edy nejpozd\u011bji do uveden\u00e9ho data ve Smlouv\u011b o studiu. V p\u0159\u00edpad\u011b nedodr\u017eov\u00e1n\u00ed spl\u00e1tkov\u00e9ho kalend\u00e1\u0159e ze strany Studenta, m\u00e1 \u0160kola Musartedo pr\u00e1vo od smlouvy odstoupit. V takov\u00e9m p\u0159\u00edpad\u011b jsou ji\u017e zaplacen\u00e9 spl\u00e1tky nevratn\u00e9.<\/p>\n<p>6. Zp\u016fsoby platby<\/p>\n<p>\u0160kola Musartedo akceptuje n\u00e1sleduj\u00edc\u00ed zp\u016fsoby platby:<br \/>\nA) platba bankovn\u00edm p\u0159evodem<br \/>\nB) platba v hotovosti<br \/>\n7. V\u00fdukov\u00e9 prostory<\/p>\n<p>\u0160kola Musartedo poskytuje vzd\u011bl\u00e1n\u00ed ve sv\u00e9m s\u00eddle \u017ditavsk\u00e9ho 521, Praha 5 Zbraslav, online a v nahr\u00e1vac\u00edch studi\u00edch um\u00edst\u011bn\u00fdch v Praze (d\u00e1le jen V\u00fdukov\u00e9 prostory), kter\u00e9 jsou smluvn\u00edmi partnery \u0160koly Musartedo. Student podeps\u00e1n\u00edm Smlouvy o studiu bere tuto skute\u010dnost na v\u011bdom\u00ed, stejn\u011b jako povinnost dodr\u017eovat sjednan\u00e9 term\u00edny v\u00fduky v jednotliv\u00fdch V\u00fdukov\u00fdch prostor\u00e1ch nebo na virtu\u00e1ln\u00ed vzd\u011bl\u00e1vac\u00ed platform\u011b na webu www.musartedo.com.<\/p>\n<p>V\u00fduka ve V\u00fdukov\u00fdch prostor\u00e1ch se \u0159\u00edd\u00ed n\u00e1sleduj\u00edc\u00edmi pravidly.<\/p>\n<p>A) P\u0159\u00edstup do v\u00fdukov\u00fdch prostor \u0160koly Musartedo<br \/>\nV\u00fdukov\u00e9 prostory jsou k dispozici student\u016fm po registraci a zaplacen\u00ed \u0161koln\u00e9ho v rozsahu a v term\u00ednech, kter\u00e9 stanov\u00ed studijn\u00ed podm\u00ednky p\u0159\u00edslu\u0161n\u00e9ho Kurzu. V p\u0159\u00edpad\u011b individu\u00e1ln\u00ed v\u00fduky je Student povinen domluvit si p\u0159\u00edstup do V\u00fdukov\u00fdch prostor p\u0159edem prost\u0159ednictv\u00edm sv\u00e9ho instruktora, v p\u0159\u00edpad\u011b skupinov\u00e9 v\u00fduky je Student povinen dodr\u017eovat \u010dasov\u00fd rozpis \u0160koly Musartedo, kter\u00e1 s dostate\u010dn\u00fdm p\u0159edstihem (minim\u00e1ln\u011b 14 dn\u00ed p\u0159edem) zve\u0159ejn\u00ed na sv\u00fdch str\u00e1nk\u00e1ch nebo prost\u0159ednictv\u00edm emailu pl\u00e1n skupinov\u00e9 v\u00fduky pro Studenty v p\u0159\u00edslu\u0161n\u00fdch Kurzech.<\/p>\n<p>B) Odpov\u011bdnost Studenta za zp\u016fsoben\u00e9 \u0161kody<br \/>\nStudent je odpov\u011bdn\u00fd za to, \u017ee \u017e\u00e1dn\u00e9 ze za\u0159\u00edzen\u00ed V\u00fdukov\u00fdch prostor nebo majetek V\u00fdukov\u00fdch prostor nebude po\u0161kozeno, ztraceno nebo ukradeno jako p\u0159\u00edm\u00fd nebo nep\u0159\u00edm\u00fd d\u016fsledek jeho vlastn\u00ed \u010dinnosti. Student je tak\u00e9 zodpov\u011bdn\u00fd za \u010diny a opomenut\u00ed jak\u00fdchkoli host\u016f nebo spolupracovn\u00edk\u016f, kter\u00e9 si pozve do V\u00fdukov\u00fdch prostor za \u00fa\u010delem realizace sv\u00e9 hudebn\u00ed tvorby.<\/p>\n<p>C) \u00dahrada po\u0161kozen\u00e9ho za\u0159\u00edzen\u00ed nebo majetku<br \/>\nV p\u0159\u00edpad\u011b, \u017ee budou za\u0159\u00edzen\u00ed nebo majetek V\u00fdukov\u00fdch prostor po\u0161kozeny, ztraceny nebo ukradeny jako p\u0159\u00edm\u00fd nebo nep\u0159\u00edm\u00fd d\u016fsledek nedbalosti jedn\u00e1n\u00ed Studenta (viz Bod 4, \u010dl. B), Student se zavazuje uhradit ve\u0161ker\u00e9 p\u0159im\u011b\u0159en\u00e9 n\u00e1klady na opravu nebo po\u0159\u00edzen\u00ed nov\u00e9ho za\u0159\u00edzen\u00ed a majetku v pln\u00e9m rozsahu. \u0160kola Musartedo si z\u00e1rove\u0148 vyhrazuje pr\u00e1vo Studenta, kter\u00fd sv\u00fdm jedn\u00e1n\u00edm zp\u016fsobil \u0161kodu ve V\u00fdukov\u00fdch prostor\u00e1ch dle Bodu 4, \u010dl. B vylou\u010dit z dal\u0161\u00edho studia bez n\u00e1roku na vr\u00e1cen\u00ed pen\u011bz ji\u017e zaplacen\u00e9ho kurzu.<\/p>\n<p>8. Pozdn\u00ed platby<\/p>\n<p>Opo\u017ed\u011bn\u00e9 platby u kurz\u016f, financovan\u00fdch pomoc\u00ed spl\u00e1tkov\u00e9ho kalend\u00e1\u0159e, mohou m\u00edt za n\u00e1sledek, \u017ee Smlouva o studiu m\u016f\u017ee b\u00fdt \u0160kolou Musartedo vypov\u011bzena bez n\u00e1roku Studenta na n\u00e1hradu.<\/p>\n<p>9. P\u0159ed\u010dasn\u00e9 ukon\u010den\u00ed studia ve \u0161kole Musartedo<\/p>\n<p>Po podeps\u00e1n\u00ed studijn\u00ed smlouvy a zaplacen\u00ed registra\u010dn\u00edho poplatku je \u00fa\u010dast Studenta na Kurzu z\u00e1vazn\u00e1. Rozhodne-li se Student p\u0159ed\u010dasn\u011b ukon\u010dit studium, nevznik\u00e1 mu n\u00e1rok na vr\u00e1cen\u00ed zaplacen\u00e9ho \u0161koln\u00e9ho. V p\u0159\u00edpad\u011b m\u011bs\u00ed\u010dn\u00edch spl\u00e1tek m\u00e1 \u0161kola Musartedo pr\u00e1vo po\u017eadovat po Studentovi \u00fahradu v\u0161ech spl\u00e1tek, kter\u00e9 byly sjedn\u00e1ny ve Studijn\u00ed smlouv\u011b.<\/p>\n<p>10. Chov\u00e1n\u00ed Studenta<\/p>\n<p>\u0160kola Musartedo si vyhrazuje pr\u00e1vo vylou\u010dit z kurz\u016f jak\u00e9hokoliv Studenta, jeho\u017e chov\u00e1n\u00ed nebo postoje bude pova\u017eovat za nep\u0159ijateln\u00e9. \u0160kola Musartedo si rovn\u011b\u017e vyhrazuje pr\u00e1vo vylou\u010dit z kurz\u016f Studenta, kter\u00fd by sv\u00fdm chov\u00e1n\u00edm ru\u0161il v\u00fduku ostatn\u00edch \u017e\u00e1k\u016f \u0161koly Musartedo. V takov\u00fdch p\u0159\u00edpadech nem\u00e1 Student n\u00e1rok na vr\u00e1cen\u00ed \u0161koln\u00e9. V p\u0159\u00edpad\u011b m\u011bs\u00ed\u010dn\u00edch spl\u00e1tek m\u00e1 \u0161kola Musartedo n\u00e1rok na \u00fahradu v\u0161ek spl\u00e1tek, kter\u00e9 byly sjedn\u00e1ny Studijn\u00ed smlouvou.<\/p>\n<p>11. Du\u0161evn\u00ed vlastnictv\u00ed<\/p>\n<p>Pr\u00e1va k du\u0161evn\u00edmu vlastnictv\u00ed, v\u010detn\u011b a bez omezen\u00ed pr\u00e1va k registrovan\u00e9mu designu, autorsk\u00fdm pr\u00e1v\u016fm, datab\u00e1zi, ochrann\u00e9 zn\u00e1mce, \u017e\u00e1dostem o registraci n\u011bkter\u00e9ho z v\u00fd\u0161e uveden\u00fdch pr\u00e1v, obchodn\u00edch tajemstv\u00ed (nebo know-how) a pr\u00e1va ke kurz\u016fm jsou a z\u016fstanou v\u00fdhradn\u00edm vlastnictv\u00edm \u0161koly Musartedo. Jak\u00e9koli neopr\u00e1vn\u011bn\u00e9 kop\u00edrov\u00e1n\u00ed, \u0161\u00ed\u0159en\u00ed, vys\u00edl\u00e1n\u00ed \u010di jin\u00e9 u\u017eit\u00ed v\u00fdukov\u00fdch materi\u00e1l\u016f, nahr\u00e1vek, text\u016f a v\u00fd\u0161e zm\u00edn\u011bn\u00fdch pr\u00e1v, kter\u00e9 jsou ve vlastnictv\u00ed \u0161koly Musartedo, je zak\u00e1z\u00e1no a bude p\u0159edstavovat poru\u0161en\u00ed t\u00e9to dohody a poru\u0161en\u00ed autorsk\u00fdch pr\u00e1v.<\/p>\n<p>12. Zm\u011bna Kurz\u016f<\/p>\n<p>\u0160kola Musartedo si vyhrazuje pr\u00e1vo na zm\u011bnu data, \u010dasu Kurz\u016f. V p\u0159\u00edpad\u011b t\u011bchto zm\u011bn bude \u0161kola Musartedo v\u010das Studenty informovat.<\/p>\n<p>13. Zvl\u00e1\u0161tn\u00ed pot\u0159eby<\/p>\n<p>Student informuje \u0160kolu Musartedo o sv\u00fdch zvl\u00e1\u0161tn\u00edch fyzick\u00fdch nebo zdravotn\u00edch po\u017eadavc\u00edch v n\u00e1le\u017eit\u00e9m p\u0159edstihu, nejm\u00e9n\u011b 30 dn\u016f p\u0159edem, aby byla \u0160kola schopna zajistit odpov\u00eddaj\u00edc\u00ed \u0159e\u0161en\u00ed.<\/p>\n<p>14. Omezen\u00ed odpov\u011bdnosti<\/p>\n<p>\u0160kola Musartedo nenese odpov\u011bdnost za Studenta b\u011bhem v\u00fduky nebo mimo vyu\u010dov\u00e1n\u00ed. Rovn\u011b\u017e nenese odpov\u011bdnost v p\u0159\u00edpad\u011b ztr\u00e1ty a odcizen\u00ed osobn\u00edch v\u011bc\u00ed Studenta nebo v p\u0159\u00edpad\u011b jeho zran\u011bn\u00ed \u010di \u00famrt\u00ed. V p\u0159\u00edpad\u011b zahrani\u010dn\u00edch student\u016f, \u0161kola Musartedo nenese odpov\u011bdnost za p\u0159\u00edpadn\u00e9 ukon\u010den\u00ed pobytu Studenta v \u010cR, neprodlou\u017een\u00ed nebo neposkytnut\u00ed v\u00edza org\u00e1ny \u010cR apod.<br \/>\n\u0160kola Musartedo nenese \u017e\u00e1dnou odpov\u011bdnost za kvalitu slu\u017eeb \u010di produkt\u016f poskytovan\u00fdch \u010di nab\u00edzen\u00fdch inzerenty nebo dodavateli t\u0159et\u00edch stran. Za\u0159azen\u00ed t\u011bchto produkt\u016f do v\u00fduky v r\u00e1mci Kurz\u016f, do v\u00fdukov\u00fdch materi\u00e1l\u016f nebo p\u0159\u00edtomnost t\u011bchto produkt\u016f v prostor\u00e1ch \u0161koly nen\u00ed doporu\u010den\u00edm \u0161koly Musartedo.<\/p>\n<p>15. Dal\u0161\u00ed ujedn\u00e1n\u00ed<\/p>\n<p>\u0160kola Musartedo si vyhrazuje pr\u00e1vo:<\/p>\n<p>A) zm\u011bnit kdykoliv inzerovan\u00e9 instruktory<br \/>\nB) si vyhrazuje pr\u00e1vo zru\u0161it jednotliv\u00e9 lekce v r\u00e1mci Kurzu v libovoln\u00e9m \u010dase a p\u0159en\u00e9st tyto lekce na jin\u00fd term\u00edn. Studenti, kte\u0159\u00ed se nemohou z\u00fa\u010dastnit v\u00fduky v nov\u00fdch term\u00ednech, mohou m\u00edt n\u00e1rok na vr\u00e1cen\u00ed pen\u011bz za p\u0159\u00edslu\u0161nou jednu lekci Kurzu, n\u00e1hradu za lekci v podob\u011b lekce v jin\u00e9m kurzu v jin\u00e9m term\u00ednu nebo jinou oboustrann\u011b odsouhlasenou formu n\u00e1hrady.<br \/>\nC) si vyhrazuje pr\u00e1vo m\u011bnit studijn\u00ed materi\u00e1ly bez p\u0159edchoz\u00edho upozorn\u011bn\u00ed a odm\u00edtnout jakoukoli \u017e\u00e1dost nebo po\u017eadavek na rezervaci Kurzu bez ud\u00e1n\u00ed d\u016fvodu.<\/p>\n<p>16. Z\u00e1v\u011bre\u010dn\u00e1 ustanoven\u00ed<\/p>\n<p>1. Vztahy a p\u0159\u00edpadn\u00e9 spory, kter\u00e9 vzniknou na z\u00e1klad\u011b Smlouvy o studiu nebo Podm\u00ednkami studia, budou \u0159e\u0161eny v\u00fdhradn\u011b podle pr\u00e1va \u010cesk\u00e9 republiky a budou \u0159e\u0161eny p\u0159\u00edslu\u0161n\u00fdmi soudy \u010cesk\u00e9 republiky.<br \/>\n2. Smlouva o studiu, jej\u00ed\u017e ned\u00edlnou sou\u010d\u00e1st\u00ed jsou Podm\u00ednky studia ve \u0161kole Musartedo, je uzav\u00edr\u00e1na v \u010desk\u00e9m jazyce, anglick\u00e9m nebo rusk\u00e9m jazyce. V p\u0159\u00edpad\u011b sporu o v\u00fdklad pojm\u016f plat\u00ed v\u00fdklad Smlouvy o studiu a Podm\u00ednkami studia v \u010desk\u00e9m jazyce.<br \/>\n3. Tyto Obchodn\u00ed podm\u00ednky studia na \u0160kole Musartedo v\u010detn\u011b jejich sou\u010d\u00e1st\u00ed jsou platn\u00e9 a \u00fa\u010dinn\u00e9 od 1. srpna 2015.<\/p>\n<\/div>\n\t\t<\/div><\/div><\/div><\/div>","protected":false},"excerpt":{"rendered":"<p>PODM\u00cdNKY STUDIA VE \u0160KOLE MUSARTEDO 1. Smluvn\u00ed strany Tyto Podm\u00ednky studia ve \u0161kole Musartedo (d\u00e1le jen \u201ePodm\u00ednky studia\u201c) upravuj\u00ed vztahy mezi smluvn\u00edmi stranami Smlouvy o studiu, kdy na jedn\u00e9 stran\u011b je Musartedo s.r.o., I\u010cO: 04745833 se s\u00eddlem \u017ditavsk\u00e9ho 521, Praha &hellip; <\/p>","protected":false},"author":2,"featured_media":0,"parent":0,"menu_order":0,"comment_status":"closed","ping_status":"closed","template":"","meta":{"_acf_changed":false,"pmpro_default_level":"","footnotes":""},"class_list":["post-8894","page","type-page","status-publish","hentry","pmpro-has-access"],"acf":[],"_links":{"self":[{"href":"https:\/\/musartedo.com\/en\/wp-json\/wp\/v2\/pages\/8894","targetHints":{"allow":["GET"]}}],"collection":[{"href":"https:\/\/musartedo.com\/en\/wp-json\/wp\/v2\/pages"}],"about":[{"href":"https:\/\/musartedo.com\/en\/wp-json\/wp\/v2\/types\/page"}],"author":[{"embeddable":true,"href":"https:\/\/musartedo.com\/en\/wp-json\/wp\/v2\/users\/2"}],"replies":[{"embeddable":true,"href":"https:\/\/musartedo.com\/en\/wp-json\/wp\/v2\/comments?post=8894"}],"version-history":[{"count":0,"href":"https:\/\/musartedo.com\/en\/wp-json\/wp\/v2\/pages\/8894\/revisions"}],"wp:attachment":[{"href":"https:\/\/musartedo.com\/en\/wp-json\/wp\/v2\/media?parent=8894"}],"curies":[{"name":"wp","href":"https:\/\/api.w.org\/{rel}","templated":true}]}}