{"id":8899,"date":"2019-04-30T15:45:24","date_gmt":"2019-04-30T13:45:24","guid":{"rendered":"https:\/\/musartedo.com.uvirt84.active24.cz\/?page_id=8899"},"modified":"2021-08-02T15:42:36","modified_gmt":"2021-08-02T13:42:36","slug":"affiliate","status":"publish","type":"page","link":"https:\/\/musartedo.com\/en\/affiliate\/","title":{"rendered":"Affiliate Program \u0161koly Musartedo"},"content":{"rendered":"<div id=\"pl-8899\"  class=\"panel-layout\" ><div id=\"pg-8899-0\"  class=\"panel-grid panel-no-style\" ><div id=\"pgc-8899-0-0\"  class=\"panel-grid-cell\" ><div id=\"panel-8899-0-0-0\" class=\"so-panel widget widget_heading panel-first-child panel-last-child\" data-index=\"0\" ><div class=\"thim-widget-heading template-base\"><div class=\"sc_heading  text-center\"><h3 style=\"text-transform: uppercase;\" class=\"title\">Affiliate Program<\/h3><span class=\"line\"><\/span><\/div><\/div><\/div><\/div><\/div><div id=\"pg-8899-1\"  class=\"panel-grid panel-no-style\" ><div id=\"pgc-8899-1-0\"  class=\"panel-grid-cell\" ><div id=\"panel-8899-1-0-0\" class=\"so-panel widget widget_text panel-first-child panel-last-child\" data-index=\"1\" >\t\t\t<div class=\"textwidget\"><div><strong>Kurzy hudebn\u00ed produkce a DJingu prov\u00e1d\u00edme ji\u017e v\u00edce jak 5 let a jsme hrdi na to, \u017ee se m\u016f\u017eeme pochlubit t\u00e9m\u011b\u0159 1000 absolventy a absolventkami, kte\u0159\u00ed u n\u00e1s sv\u00e9 studium \u00fasp\u011b\u0161n\u011b dokon\u010dili. \u0160kola Musartedo se stala d\u00edky nim komunitou za\u010d\u00ednaj\u00edc\u00edch hudebn\u00edch producent\u016f a DJ\u016f, kte\u0159\u00ed si navz\u00e1jem pom\u00e1haj\u00ed, obm\u011b\u0148uj\u00ed zku\u0161enostmi a kte\u0159\u00ed sv\u00fdm p\u0159\u00e1tel\u016fm \u0161kolu Musartedo doporu\u010duj\u00ed.\u00a0<\/strong><\/div>\n<div><\/div>\n<p>&nbsp;<\/p>\n<div>Spousta nov\u00fdch student\u016f k n\u00e1m p\u0159ich\u00e1z\u00ed prav\u011b kv\u016fli v\u00e1m, mil\u00ed studenti a studentky. Proto jsme se rozhodli, \u017ee bude nejv\u00fd\u0161e f\u00e9rov\u00e9 v\u00e1s za tuto va\u0161i nezi\u0161tnou a skv\u011blou pomoc odm\u011b\u0148ovat.<\/div>\n<div><\/div>\n<p>&nbsp;<\/p>\n<div>Nejlep\u0161\u00ed reklamou je pro n\u00e1s na 100% spokojen\u00fd absolvent, kter\u00fd doporu\u010duje na\u0161e kurzy sv\u00fdm zn\u00e1m\u00fdm a kamar\u00e1d\u016fm. Jsme zvykl\u00ed platit za reklamu, pro\u010d bychom tedy nemohli podobn\u00fdm zp\u016fsobem odm\u011bnit i va\u0161i snahu. A z tohoto d\u016fvodu jsme pro v\u00e1s p\u0159ipravili Affiliate Program \u0161koly Musartedo.<\/div>\n<div><\/div>\n<p>&nbsp;<\/p>\n<div><strong>Jak to funguje?<\/strong><\/div>\n<p>&nbsp;<\/p>\n<div><\/div>\n<div><strong>1. Doporu\u010den\u00ed.<\/strong><\/div>\n<div>Byli jste se \u0161kolou Musartedo spokojeni? Doporu\u010dte na\u0161e kurzy kamar\u00e1d\u016fm nebo zn\u00e1m\u00fdm.<\/div>\n<div><\/div>\n<p>&nbsp;<\/p>\n<div><strong>2. Registrace a platba<\/strong><\/div>\n<div>Nov\u00fd \u00fa\u010dastn\u00edk nebo \u00fa\u010dastnice kurzu uvede do pozn\u00e1mek va\u0161e jm\u00e9no a p\u0159\u00edjmen\u00ed (nebo um\u011bleck\u00fd pseudonym), zaplat\u00ed \u0161koln\u00e9 a stane se na\u0161\u00edm studentem.<\/div>\n<div><\/div>\n<p>&nbsp;<\/p>\n<div><strong>3. Provize<\/strong><\/div>\n<div>Na z\u00e1klad\u011b tohoto doporu\u010den\u00ed z\u00edsk\u00e1te od n\u00e1s provizi ve v\u00fd\u0161i 10% z ceny kurzu (max. v\u0161ak 3000 K\u010d za kurz) do 3 dn\u016f od registrace a proveden\u00e9 platby za p\u0159\u00edslu\u0161n\u00fd kurz.<\/div>\n<div><\/div>\n<p>&nbsp;<\/p>\n<div><strong>P\u0159\u00edklad:\u00a0<\/strong><\/div>\n<div>Jse\u0161 absolventem jednoho z dlouhodob\u00fdch kurz\u016f \u0161koly Musartedo (hudebn\u00ed produkce, DJing, mixing a mastering). M\u00e1\u0161 kamar\u00e1da, kter\u00fd chce za\u010d\u00edt s Djingem, \u00a0a tys mu doporu\u010dil DJ BASIC. Tv\u016fj kamar\u00e1d se p\u0159ihl\u00e1sil na kurz, uvedl do pozn\u00e1mek tv\u00e9 jm\u00e9no a zaplatil za kurz.<\/div>\n<div>Cena za kurz \u00a0je 12 960 K\u010d. Do 3 dn\u016f po jeho zaplacen\u00ed obdr\u017e\u00ed\u0161 na \u00fa\u010det 1296 K\u010d.<\/div>\n<div><\/div>\n<p>&nbsp;<\/p>\n<div><strong>4. Na jak\u00e9 kurzy se Affiliate Program \u0161koly Musartedo vztahuje?<\/strong><\/div>\n<div>Odm\u011bna za doporu\u010den\u00ed se vztahuje na v\u0161echny dlouhodob\u00e9 skupinov\u00e9 kurzy v prezen\u010dn\u00ed form\u011b a ve form\u011b synchronn\u00ed online. Affiliate Program \u0161koly Musartedo se nevztahuje na individu\u00e1ln\u00ed kurzy.<\/div>\n<div><\/div>\n<p>&nbsp;<\/p>\n<div><strong>5. Kdo se m\u016f\u017ee zapojit do Affiliate Programu \u0161koly Musartedo?<\/strong><\/div>\n<div>Do Affiliate Programu se m\u016f\u017ee zapojit ka\u017ed\u00fd absolvent nebo absolventka kurz\u016f \u0161koly Musartedo, v\u010detn\u011b \u00fa\u010dastn\u00edku letn\u00edch intenzivn\u00edch kurz\u016f, online kurz\u016f a specializovan\u00fdch program\u016f.<\/div>\n<p>&nbsp;<\/p>\n<div><strong>6. Zp\u011btn\u00e1 platnost \u00a0<\/strong><\/div>\n<div>Affiliate program \u0161koly Musartedo za\u010d\u00edn\u00e1 b\u00fdt aktivn\u00ed od 21.6.2021. Zp\u011btn\u011b uplat\u0148ovan\u00e9 doporu\u010den\u00ed bohu\u017eel nen\u00ed z technick\u00fdch d\u016fvod\u016f mo\u017en\u00e9.<\/div>\n<p>&nbsp;<\/p>\n<div><strong>7. Pod\u011bkov\u00e1n\u00ed za p\u0159\u00edpadnou \u00fa\u010dast<\/strong><\/div>\n<div>V\u0161em, kte\u0159\u00ed se cht\u011bj\u00ed zapojit do na\u0161eho Affiliate Programu \u0161koly Musartedo p\u0159edem d\u011bkujeme. M\u00e1te-li z\u00e1jem o bli\u017e\u0161\u00ed informace, nev\u00e1hejte n\u00e1s kontaktovat. V p\u0159\u00edpad\u011b, \u017ee budete ji\u017e v\u011bd\u011bt, \u017ee n\u011bjak\u00fd v\u00e1\u0161 p\u0159\u00edtel nebo p\u0159\u00edtelkyn\u011b provedl na z\u00e1klad\u011b va\u0161eho doporu\u010den\u00ed registraci na n\u00e1\u0161 kurz, kontaktujte n\u00e1s emailem a za\u0161lete \u010d\u00edslo \u00fa\u010dtu, na kter\u00fd v\u00e1m, po proveden\u00e9 platb\u011b nov\u00e9ho \u00fa\u010dastn\u00edka kurzu, za\u0161leme odm\u011bnu.<\/div>\n<\/div>\n\t\t<\/div><\/div><\/div><\/div>","protected":false},"excerpt":{"rendered":"<p>Kurzy hudebn\u00ed produkce a DJingu prov\u00e1d\u00edme ji\u017e v\u00edce jak 5 let a jsme hrdi na to, \u017ee se m\u016f\u017eeme pochlubit t\u00e9m\u011b\u0159 1000 absolventy a absolventkami, kte\u0159\u00ed u n\u00e1s sv\u00e9 studium \u00fasp\u011b\u0161n\u011b dokon\u010dili. \u0160kola Musartedo se stala d\u00edky nim komunitou za\u010d\u00ednaj\u00edc\u00edch &hellip; <\/p>","protected":false},"author":2,"featured_media":0,"parent":0,"menu_order":0,"comment_status":"closed","ping_status":"closed","template":"","meta":{"_acf_changed":false,"pmpro_default_level":"","footnotes":""},"class_list":["post-8899","page","type-page","status-publish","hentry","pmpro-has-access"],"acf":[],"_links":{"self":[{"href":"https:\/\/musartedo.com\/en\/wp-json\/wp\/v2\/pages\/8899","targetHints":{"allow":["GET"]}}],"collection":[{"href":"https:\/\/musartedo.com\/en\/wp-json\/wp\/v2\/pages"}],"about":[{"href":"https:\/\/musartedo.com\/en\/wp-json\/wp\/v2\/types\/page"}],"author":[{"embeddable":true,"href":"https:\/\/musartedo.com\/en\/wp-json\/wp\/v2\/users\/2"}],"replies":[{"embeddable":true,"href":"https:\/\/musartedo.com\/en\/wp-json\/wp\/v2\/comments?post=8899"}],"version-history":[{"count":0,"href":"https:\/\/musartedo.com\/en\/wp-json\/wp\/v2\/pages\/8899\/revisions"}],"wp:attachment":[{"href":"https:\/\/musartedo.com\/en\/wp-json\/wp\/v2\/media?parent=8899"}],"curies":[{"name":"wp","href":"https:\/\/api.w.org\/{rel}","templated":true}]}}