{"id":8913,"date":"2019-05-07T09:25:37","date_gmt":"2019-05-07T07:25:37","guid":{"rendered":"https:\/\/musartedo.com.uvirt84.active24.cz\/?page_id=8913"},"modified":"2021-08-02T15:51:46","modified_gmt":"2021-08-02T13:51:46","slug":"kontakt2","status":"publish","type":"page","link":"https:\/\/musartedo.com\/en\/kontakt2\/","title":{"rendered":"Contact"},"content":{"rendered":"<h3>KONTAKT<\/h3>\n<p>Nev\u00e1hejte n\u00e1s kontaktovat v p\u0159\u00edpad\u011b dotazu!<\/p>\n<h3 class=\"heading__primary\">Telefon<\/h3>\n<p>+(420) 702 119 720<!--end smicon-box--><\/p>\n<h3 class=\"heading__primary\">Adresa<\/h3>\n<p>Musartedo s.r.o., \u017ditavsk\u00e9ho 521, 156 00 Praha 5, \u010cesk\u00e1 republika, I\u010c 04745833<!--end smicon-box--><\/p>\n<h3 class=\"heading__primary\">Email<\/h3>\n<p>info@musartedo.com<!--end smicon-box--><br \/>\n<a target=\"_blank\" rel=\"noopener\"><br \/>\nFacebook<br \/>\n<\/a><br \/>\n<a target=\"_blank\" rel=\"noopener\"><br \/>\nTwitter<br \/>\n<\/a><br \/>\n<a target=\"_blank\" rel=\"noopener\"><br \/>\nYoutube<\/a><\/p>\n<p>&nbsp;<\/p>\n<p>&nbsp;<\/p>","protected":false},"excerpt":{"rendered":"<p>KONTAKT Nev\u00e1hejte n\u00e1s kontaktovat v p\u0159\u00edpad\u011b dotazu! Telefon +(420) 702 119 720 Adresa Musartedo s.r.o., \u017ditavsk\u00e9ho 521, 156 00 Praha 5, \u010cesk\u00e1 republika, I\u010c 04745833 Email info@musartedo.com Facebook Twitter Youtube &nbsp; &nbsp;<\/p>","protected":false},"author":2,"featured_media":0,"parent":0,"menu_order":0,"comment_status":"closed","ping_status":"closed","template":"","meta":{"_acf_changed":false,"pmpro_default_level":"","footnotes":""},"class_list":["post-8913","page","type-page","status-publish","hentry","pmpro-has-access"],"acf":[],"_links":{"self":[{"href":"https:\/\/musartedo.com\/en\/wp-json\/wp\/v2\/pages\/8913","targetHints":{"allow":["GET"]}}],"collection":[{"href":"https:\/\/musartedo.com\/en\/wp-json\/wp\/v2\/pages"}],"about":[{"href":"https:\/\/musartedo.com\/en\/wp-json\/wp\/v2\/types\/page"}],"author":[{"embeddable":true,"href":"https:\/\/musartedo.com\/en\/wp-json\/wp\/v2\/users\/2"}],"replies":[{"embeddable":true,"href":"https:\/\/musartedo.com\/en\/wp-json\/wp\/v2\/comments?post=8913"}],"version-history":[{"count":0,"href":"https:\/\/musartedo.com\/en\/wp-json\/wp\/v2\/pages\/8913\/revisions"}],"wp:attachment":[{"href":"https:\/\/musartedo.com\/en\/wp-json\/wp\/v2\/media?parent=8913"}],"curies":[{"name":"wp","href":"https:\/\/api.w.org\/{rel}","templated":true}]}}