{"id":9049,"date":"2019-05-09T16:41:36","date_gmt":"2019-05-09T14:41:36","guid":{"rendered":"https:\/\/musartedo.com.uvirt84.active24.cz\/udalosti\/"},"modified":"2021-08-02T15:47:20","modified_gmt":"2021-08-02T13:47:20","slug":"o-skole","status":"publish","type":"page","link":"https:\/\/musartedo.com\/en\/o-skole\/","title":{"rendered":"O \u0161kole"},"content":{"rendered":"<div data-elementor-type=\"wp-post\" data-elementor-id=\"9049\" class=\"elementor elementor-9049\" data-elementor-post-type=\"page\">\n\t\t\t\t\t\t<section class=\"elementor-section elementor-top-section elementor-element elementor-element-36c2513e elementor-section-boxed elementor-section-height-default elementor-section-height-default\" data-id=\"36c2513e\" data-element_type=\"section\">\n\t\t\t\t\t\t<div class=\"elementor-container elementor-column-gap-narrow\">\n\t\t\t\t\t<div class=\"elementor-column elementor-col-100 elementor-top-column elementor-element elementor-element-48a78c98\" data-id=\"48a78c98\" data-element_type=\"column\">\n\t\t\t<div class=\"elementor-widget-wrap elementor-element-populated\">\n\t\t\t\t\t\t<div class=\"elementor-element elementor-element-a0af7f2 elementor-widget elementor-widget-heading\" data-id=\"a0af7f2\" data-element_type=\"widget\" data-widget_type=\"heading.default\">\n\t\t\t\t<div class=\"elementor-widget-container\">\n\t\t\t\t\t<h2 class=\"elementor-heading-title elementor-size-default\">Musartedo Mezin\u00e1rodn\u00ed \u0161kola hudebn\u00ed produkce a DJingu zalo\u017een\u00e1 v roce 2015<\/h2>\t\t\t\t<\/div>\n\t\t\t\t<\/div>\n\t\t\t\t<div class=\"elementor-element elementor-element-7f54567 elementor-widget-divider--view-line elementor-widget elementor-widget-divider\" data-id=\"7f54567\" data-element_type=\"widget\" data-widget_type=\"divider.default\">\n\t\t\t\t<div class=\"elementor-widget-container\">\n\t\t\t\t\t\t\t<div class=\"elementor-divider\">\n\t\t\t<span class=\"elementor-divider-separator\">\n\t\t\t\t\t\t<\/span>\n\t\t<\/div>\n\t\t\t\t\t\t<\/div>\n\t\t\t\t<\/div>\n\t\t\t\t\t<\/div>\n\t\t<\/div>\n\t\t\t\t\t<\/div>\n\t\t<\/section>\n\t\t\t\t<section class=\"elementor-section elementor-top-section elementor-element elementor-element-4de56cc elementor-section-boxed elementor-section-height-default elementor-section-height-default\" data-id=\"4de56cc\" data-element_type=\"section\">\n\t\t\t\t\t\t<div class=\"elementor-container elementor-column-gap-no\">\n\t\t\t\t\t<div class=\"elementor-column elementor-col-100 elementor-top-column elementor-element elementor-element-efc64d2\" data-id=\"efc64d2\" data-element_type=\"column\">\n\t\t\t<div class=\"elementor-widget-wrap elementor-element-populated\">\n\t\t\t\t\t\t<div class=\"elementor-element elementor-element-43bf0dc elementor-widget elementor-widget-text-editor\" data-id=\"43bf0dc\" data-element_type=\"widget\" data-widget_type=\"text-editor.default\">\n\t\t\t\t<div class=\"elementor-widget-container\">\n\t\t\t\t\t\t\t\t\t<p>Chcete-li nastartovat svoji kari\u00e9ru v oblasti hudebn\u00ed produkce, nebo m\u00e1te-li z\u00e1jem o DJing, pak se v\u00e1m budou ur\u010dit\u011b hodit na\u0161e kurzy. Jsou vhodn\u00e9 jak pro ty, kte\u0159\u00ed p\u0159em\u00fd\u0161l\u00ed o profesion\u00e1ln\u00ed dr\u00e1ze, tak i pro ty z v\u00e1s, kte\u0159\u00ed maj\u00ed hudbu prost\u011b r\u00e1di a cht\u011bj\u00ed se j\u00ed v\u011bnovat ve voln\u00e9m \u010dase jako jednomu ze sv\u00fdch hobby.<\/p><div data-weight=\"1\">\u00a0<\/div><div data-weight=\"1\">Nab\u00edz\u00edme pln\u00e9 spektrum v\u00fdukov\u00fdch program\u016f od hudebn\u00ed produkce, p\u0159es DJing a\u017e po specializovan\u00e9 obory jako je nap\u0159\u00edklad kurz Mixing a mastering. Na\u0161e kurzy jsou ur\u010deny za\u010d\u00e1te\u010dn\u00edk\u016fm a m\u00edrn\u011b pokro\u010dil\u00fdm, pro pokro\u010dil\u00e9 studenty, kte\u0159\u00ed ji\u017e maj\u00ed vlastn\u00ed produkci \u010di v p\u0159\u00edpad\u011b DJingu hraj\u00ed v klubech, m\u016f\u017eeme nab\u00eddnout kurzy \u00farovn\u011b PRO, DJ Live nebo individu\u00e1ln\u00ed konzultace.<\/div><div data-weight=\"1\">V\u00fduka na\u0161ich kurz\u016f prob\u00edh\u00e1 prezen\u010dn\u00ed formou v prostor\u00e1ch \u0161koly a online a je vedena p\u0159edev\u0161\u00edm v \u010desk\u00e9m jazyce. V individu\u00e1ln\u00ed form\u011b prov\u00e1d\u00edme lekce i v anglick\u00e9m jazyce.<\/div><div data-weight=\"1\">\u00a0<\/div><div data-style=\"{\" data-ratio=\"1\" data-ratio-direction=\"right\"><div data-weight=\"1\"><div data-index=\"1\" data-style=\"{\"><p>K podpo\u0159e v\u00fduky jsou n\u00e1sledn\u011b p\u0159ipraveny pdf materi\u00e1ly a videa, d\u00edky kter\u00fdm jsou pro v\u00e1s na\u0161e kurzy velmi efektivn\u00ed. Sv\u00e9 nov\u011b nabyt\u00e9 dovednosti m\u016f\u017eete procvi\u010dovat v r\u00e1mci tr\u00e9ninkov\u00fdch lekc\u00ed s asistenc\u00ed odborn\u00e9ho instruktora.<\/p><p><strong>Za <\/strong><strong>5<\/strong> <strong>let<\/strong><strong> sv\u00e9 existence \u0161kola Musartedo poskytla odbornou v\u00fduku v\u00edce jak <\/strong><strong>9<\/strong><strong>00 student\u016fm z 10 zem\u00ed sv\u011bta.<\/strong><\/p><p>\u00a0<\/p><\/div><\/div><\/div>\t\t\t\t\t\t\t\t<\/div>\n\t\t\t\t<\/div>\n\t\t\t\t\t<\/div>\n\t\t<\/div>\n\t\t\t\t\t<\/div>\n\t\t<\/section>\n\t\t\t\t<section class=\"elementor-section elementor-top-section elementor-element elementor-element-0f04dd7 elementor-section-full_width elementor-section-height-default elementor-section-height-default\" data-id=\"0f04dd7\" data-element_type=\"section\">\n\t\t\t\t\t\t<div class=\"elementor-container elementor-column-gap-default\">\n\t\t\t\t\t<div class=\"elementor-column elementor-col-100 elementor-top-column elementor-element elementor-element-6f240f1\" data-id=\"6f240f1\" data-element_type=\"column\">\n\t\t\t<div class=\"elementor-widget-wrap elementor-element-populated\">\n\t\t\t\t\t\t<div class=\"elementor-element elementor-element-a13833d elementor-widget elementor-widget-image\" data-id=\"a13833d\" data-element_type=\"widget\" data-widget_type=\"image.default\">\n\t\t\t\t<div class=\"elementor-widget-container\">\n\t\t\t\t\t\t\t\t\t\t\t\t\t\t\t<img fetchpriority=\"high\" decoding=\"async\" width=\"1550\" height=\"730\" src=\"https:\/\/musartedo.com\/wp-content\/uploads\/2019\/12\/STIDENTY-dj.jpg\" class=\"elementor-animation-bounce-in attachment-full size-full wp-image-11725\" alt=\"\" srcset=\"https:\/\/musartedo.com\/wp-content\/uploads\/2019\/12\/STIDENTY-dj.jpg 1550w, https:\/\/musartedo.com\/wp-content\/uploads\/2019\/12\/STIDENTY-dj-300x141.jpg 300w, https:\/\/musartedo.com\/wp-content\/uploads\/2019\/12\/STIDENTY-dj-768x362.jpg 768w, https:\/\/musartedo.com\/wp-content\/uploads\/2019\/12\/STIDENTY-dj-1024x482.jpg 1024w, https:\/\/musartedo.com\/wp-content\/uploads\/2019\/12\/STIDENTY-dj-600x283.jpg 600w, https:\/\/musartedo.com\/wp-content\/uploads\/2019\/12\/STIDENTY-dj-18x8.jpg 18w, https:\/\/musartedo.com\/wp-content\/uploads\/2019\/12\/STIDENTY-dj-1536x723.jpg 1536w, https:\/\/musartedo.com\/wp-content\/uploads\/2019\/12\/STIDENTY-dj-400x188.jpg 400w\" sizes=\"(max-width: 1550px) 100vw, 1550px\" \/>\t\t\t\t\t\t\t\t\t\t\t\t\t\t\t<\/div>\n\t\t\t\t<\/div>\n\t\t\t\t\t<\/div>\n\t\t<\/div>\n\t\t\t\t\t<\/div>\n\t\t<\/section>\n\t\t\t\t<section class=\"elementor-section elementor-top-section elementor-element elementor-element-31ed237 elementor-section-boxed elementor-section-height-default elementor-section-height-default\" data-id=\"31ed237\" data-element_type=\"section\">\n\t\t\t\t\t\t<div class=\"elementor-container elementor-column-gap-no\">\n\t\t\t\t\t<div class=\"elementor-column elementor-col-100 elementor-top-column elementor-element elementor-element-dbb5d50\" data-id=\"dbb5d50\" data-element_type=\"column\">\n\t\t\t<div class=\"elementor-widget-wrap elementor-element-populated\">\n\t\t\t\t\t\t<div class=\"elementor-element elementor-element-dd863ea elementor-widget elementor-widget-text-editor\" data-id=\"dd863ea\" data-element_type=\"widget\" data-widget_type=\"text-editor.default\">\n\t\t\t\t<div class=\"elementor-widget-container\">\n\t\t\t\t\t\t\t\t\t<p>Kurzy prob\u00edhaj\u00ed v mal\u00fdch skupin\u00e1ch o maxim\u00e1ln\u00edm po\u010dtu 6 student\u016f. V\u00fduka je prov\u00e1d\u011bna prezen\u010dn\u00ed formou v re\u017eimu hands-on, co\u017e znamen\u00e1, \u017ee po dobu v\u00fduky veden\u00e9 odborn\u00fdm instruktorem m\u00e1 ka\u017ed\u00fd s v\u00e1s k dispozici pracovn\u00ed stanici s po\u010d\u00edta\u010dem Apple iMac, kontroler Push 2 nebo kl\u00e1vesov\u00fd kontroler Native Instruments, p\u0159\u00edslu\u0161n\u00fd DAW software (Ableton Live, Logic Pro X, Serato apod.) a knihovnu n\u00e1stroj\u016f Komplete.<\/p><div data-weight=\"1\">D\u00edky tomu m\u016f\u017eete p\u0159\u00edmo v pr\u016fb\u011bhu v\u00fdkladu sou\u010dasn\u011b s instruktorem pracovat na sv\u00e9m projektu a vyzkou\u0161et si v praxi prob\u00edranou l\u00e1tku.<\/div><div data-weight=\"1\">\u00a0<\/div><div data-style=\"{\" data-ratio=\"1\" data-ratio-direction=\"right\"><div data-weight=\"1\"><div data-index=\"1\" data-style=\"{\"><p>Tr\u00e9ninkov\u00e9 lekce pak prob\u00edhaj\u00ed ve dvou postproduk\u010dn\u00edch studi\u00edch \u0161koly Musartedo s profesion\u00e1ln\u00edm vybaven\u00edm. Zde m\u016f\u017eete nahr\u00e1vat, vytv\u00e1\u0159et aran\u017em\u00e1 sv\u00fdch projekt\u016f, mixovat nebo masterovat. Tr\u00e9nink prob\u00edh\u00e1 samostan\u011b s asistenc\u00ed odborn\u00e9ho instruktora. V p\u0159\u00edpad\u011b DJingu jsou op\u011bt k dispozici dv\u011b tr\u00e9ninkov\u00e9 m\u00edstnosti, profesion\u00e1ln\u00ed vybaven\u00ed a odborn\u00e1 asistence. D\u00edky t\u011bmto mo\u017enostem bude va\u0161e studium ve \u0161kole Musartedo velmi efektivn\u00ed a jednozna\u010dn\u011b v\u00e1m p\u0159inese o\u010dek\u00e1van\u00e9 v\u00fdsledky. Na\u0161i studenti maj\u00ed rovn\u011b\u017e mo\u017enost budovat nebo dopl\u0148ovat sv\u00e9 dom\u00e1c\u00ed vybaven\u00ed.<\/p><p>\u0160kola Musartedo spolupracuje s p\u0159edn\u00edmi v\u00fdrobci a distributory hardwaru a softwaru z oblasti hudebn\u00ed produkce a DJingu. D\u00edky tomu v\u00e1m m\u016f\u017eeme poskytovat v\u00fdhodn\u00e9 studentsk\u00e9 slevy a EDU licence, v n\u011bkter\u00fdch p\u0159\u00edpadech a\u017e s 50% slevou.<\/p><p>Partne\u0159i \u0161koly Musartedo: Ableton Live, Native Instruments (HW a SW), Pioneer DJ, Roland, Numark, Akai, Studio Logic, ADAM Audio, KRK, Rode, Presonus, UDG, Universal Audio, Waldorf, M-Audio, Sonarworks, Fabfilter a dal\u0161\u00ed.<\/p><\/div><\/div><\/div>\t\t\t\t\t\t\t\t<\/div>\n\t\t\t\t<\/div>\n\t\t\t\t\t<\/div>\n\t\t<\/div>\n\t\t\t\t\t<\/div>\n\t\t<\/section>\n\t\t\t\t<\/div>","protected":false},"excerpt":{"rendered":"<p>Musartedo Mezin\u00e1rodn\u00ed \u0161kola hudebn\u00ed produkce a DJingu zalo\u017een\u00e1 v roce 2015 Chcete-li nastartovat svoji kari\u00e9ru v oblasti hudebn\u00ed produkce, nebo m\u00e1te-li z\u00e1jem o DJing, pak se v\u00e1m budou ur\u010dit\u011b hodit na\u0161e kurzy. Jsou vhodn\u00e9 jak pro ty, kte\u0159\u00ed p\u0159em\u00fd\u0161l\u00ed o &hellip; <\/p>","protected":false},"author":2,"featured_media":0,"parent":0,"menu_order":0,"comment_status":"closed","ping_status":"closed","template":"","meta":{"_acf_changed":false,"pmpro_default_level":"","footnotes":""},"class_list":["post-9049","page","type-page","status-publish","hentry","pmpro-has-access"],"acf":[],"_links":{"self":[{"href":"https:\/\/musartedo.com\/en\/wp-json\/wp\/v2\/pages\/9049","targetHints":{"allow":["GET"]}}],"collection":[{"href":"https:\/\/musartedo.com\/en\/wp-json\/wp\/v2\/pages"}],"about":[{"href":"https:\/\/musartedo.com\/en\/wp-json\/wp\/v2\/types\/page"}],"author":[{"embeddable":true,"href":"https:\/\/musartedo.com\/en\/wp-json\/wp\/v2\/users\/2"}],"replies":[{"embeddable":true,"href":"https:\/\/musartedo.com\/en\/wp-json\/wp\/v2\/comments?post=9049"}],"version-history":[{"count":0,"href":"https:\/\/musartedo.com\/en\/wp-json\/wp\/v2\/pages\/9049\/revisions"}],"wp:attachment":[{"href":"https:\/\/musartedo.com\/en\/wp-json\/wp\/v2\/media?parent=9049"}],"curies":[{"name":"wp","href":"https:\/\/api.w.org\/{rel}","templated":true}]}}