{"id":11035,"date":"2026-03-15T16:02:08","date_gmt":"2026-03-15T15:02:08","guid":{"rendered":"https:\/\/musartedo.com.uvirt84.active24.cz\/?post_type=product&#038;p=11035"},"modified":"2026-03-20T13:18:26","modified_gmt":"2026-03-20T12:18:26","slug":"djing-individual","status":"publish","type":"product","link":"https:\/\/musartedo.com\/en\/kurz\/djing-individual\/","title":{"rendered":"DJING INDIVIDUAL"},"content":{"rendered":"<p>[Dj BASIC \u2013 jeden z nejobl\u00edben\u011bj\u0161\u00edch kurz\u016f \u0161koly Musartedo. Skv\u011bl\u00fd start pro hudebn\u00ed kari\u00e9ru. V pr\u016fb\u011bhu v\u00fduky v\u00e1s nau\u010d\u00edme z\u00e1kladn\u00edm dovednostem jako je beat matching, vyu\u017e\u00edv\u00e1n\u00ed efekt\u016f v pr\u016fb\u011bhu mixov\u00e1n\u00ed nebo dramaturgii DJ setu podle t\u00f3nin a um\u011bn\u00ed harmonic mixing. Registrujte se na kurz a za\u010dn\u011bte hr\u00e1t v klubech!<\/p>\n<p>&nbsp;<\/p>\n<p><strong>Start:\u00a0<\/strong>17. Z\u00e1\u0159\u00ed 2019<\/p>\n<p>D\u00e9lka kurzu:\u00a02 m\u011bs\u00edce<br \/>\n<strong><br \/>\n\u010casov\u00fd rozvrh:\u00a0<\/strong>Ka\u017ed\u00e9 \u00fater\u00fd od 20.00 do 22.00<strong><br \/>\n<\/strong><br \/>\n<strong>\u00darove\u0148:\u00a0<\/strong>M\u00edrn\u011b pokro\u010dil\u00fd &#8211; pokro\u010dil\u00fd<\/p>\n<p><strong>Stru\u010dn\u00fd p\u0159ehled:<\/strong><\/p>\n<p>16 hodin s odborn\u00fdm instruktorem.<br \/>\n16 tr\u00e9ninkov\u00fdch hodin ve \u0161kole Musartedo.<\/p>\n<div class=\"content\">\n<div class=\"inner\">\n<div class=\"right\">\n<div id='gallery-1' class='gallery galleryid-11035 gallery-columns-2 gallery-size-large'><figure class='gallery-item'>\n\t\t\t<div class='gallery-icon landscape'>\n\t\t\t\t<a href='https:\/\/musartedo.com\/en\/?attachment_id=9944'><img fetchpriority=\"high\" decoding=\"async\" width=\"640\" height=\"480\" src=\"https:\/\/musartedo.com\/wp-content\/uploads\/2019\/07\/Dj-Live5.jpg\" class=\"attachment-large size-large\" alt=\"\" srcset=\"https:\/\/musartedo.com\/wp-content\/uploads\/2019\/07\/Dj-Live5.jpg 640w, https:\/\/musartedo.com\/wp-content\/uploads\/2019\/07\/Dj-Live5-300x225.jpg 300w, https:\/\/musartedo.com\/wp-content\/uploads\/2019\/07\/Dj-Live5-600x450.jpg 600w, https:\/\/musartedo.com\/wp-content\/uploads\/2019\/07\/Dj-Live5-16x12.jpg 16w\" sizes=\"(max-width: 640px) 100vw, 640px\" \/><\/a>\n\t\t\t<\/div><\/figure><figure class='gallery-item'>\n\t\t\t<div class='gallery-icon landscape'>\n\t\t\t\t<a href='https:\/\/musartedo.com\/en\/?attachment_id=9946'><img decoding=\"async\" width=\"640\" height=\"480\" src=\"https:\/\/musartedo.com\/wp-content\/uploads\/2019\/07\/DJ-Live4.jpg\" class=\"attachment-large size-large\" alt=\"\" srcset=\"https:\/\/musartedo.com\/wp-content\/uploads\/2019\/07\/DJ-Live4.jpg 640w, https:\/\/musartedo.com\/wp-content\/uploads\/2019\/07\/DJ-Live4-300x225.jpg 300w, https:\/\/musartedo.com\/wp-content\/uploads\/2019\/07\/DJ-Live4-600x450.jpg 600w, https:\/\/musartedo.com\/wp-content\/uploads\/2019\/07\/DJ-Live4-16x12.jpg 16w\" sizes=\"(max-width: 640px) 100vw, 640px\" \/><\/a>\n\t\t\t<\/div><\/figure><figure class='gallery-item'>\n\t\t\t<div class='gallery-icon landscape'>\n\t\t\t\t<a href='https:\/\/musartedo.com\/en\/?attachment_id=9950'><img decoding=\"async\" width=\"640\" height=\"480\" src=\"https:\/\/musartedo.com\/wp-content\/uploads\/2019\/07\/Dj-Live2.jpg\" class=\"attachment-large size-large\" alt=\"\" srcset=\"https:\/\/musartedo.com\/wp-content\/uploads\/2019\/07\/Dj-Live2.jpg 640w, https:\/\/musartedo.com\/wp-content\/uploads\/2019\/07\/Dj-Live2-300x225.jpg 300w, https:\/\/musartedo.com\/wp-content\/uploads\/2019\/07\/Dj-Live2-600x450.jpg 600w, https:\/\/musartedo.com\/wp-content\/uploads\/2019\/07\/Dj-Live2-16x12.jpg 16w\" sizes=\"(max-width: 640px) 100vw, 640px\" \/><\/a>\n\t\t\t<\/div><\/figure><figure class='gallery-item'>\n\t\t\t<div class='gallery-icon landscape'>\n\t\t\t\t<a href='https:\/\/musartedo.com\/en\/our_team\/subgate\/sungate-kurz\/'><img loading=\"lazy\" decoding=\"async\" width=\"640\" height=\"480\" src=\"https:\/\/musartedo.com\/wp-content\/uploads\/2019\/06\/sungate-kurz.jpg\" class=\"attachment-large size-large\" alt=\"\" srcset=\"https:\/\/musartedo.com\/wp-content\/uploads\/2019\/06\/sungate-kurz.jpg 960w, https:\/\/musartedo.com\/wp-content\/uploads\/2019\/06\/sungate-kurz-300x225.jpg 300w, https:\/\/musartedo.com\/wp-content\/uploads\/2019\/06\/sungate-kurz-768x576.jpg 768w, https:\/\/musartedo.com\/wp-content\/uploads\/2019\/06\/sungate-kurz-600x450.jpg 600w, https:\/\/musartedo.com\/wp-content\/uploads\/2019\/06\/sungate-kurz-16x12.jpg 16w\" sizes=\"(max-width: 640px) 100vw, 640px\" \/><\/a>\n\t\t\t<\/div><\/figure>\n\t\t<\/div>\n\n<h3>REGISTRATION<\/h3>\n<p>Registrujte se na kurz prost\u0159ednictv\u00edm na\u0161ich webov\u00fdch str\u00e1nek. Vypl\u0148te registra\u010dn\u00ed formul\u00e1\u0159. Platbu prove\u010fte p\u0159evodem oproti vystaven\u00e9 faktu\u0159e nebo v hotovosti ve \u0161kole Musartedo.<\/p>\n<p><strong>Nep\u0159ehl\u00e9dn\u011bte!<\/strong><br \/>\n<strong>Registrace studenta je platn\u00e1 a\u017e po zaplacen\u00ed prvn\u00ed spl\u00e1tky \u0161koln\u00e9ho v p\u0159\u00edpad\u011b m\u011bs\u00ed\u010dn\u00edch spl\u00e1tek nebo po uhrazen\u00ed cel\u00e9 \u010d\u00e1stky za \u0161koln\u00e9.<\/strong><\/p>\n<p>Mo\u017enost tr\u00e9ninku ve \u0161kole Musartedo m\u016f\u017ee student za\u010d\u00edt vyu\u017e\u00edvat po prvn\u00ed hodin\u011b kurzu, na kter\u00fd se zaregistroval. Mo\u017enost vyu\u017eit\u00ed tr\u00e9ninkov\u00fdch hodin zanik\u00e1 datem ukon\u010den\u00ed studia ve \u0161kole Musartedo.<\/p>\n<\/div>\n<\/div>\n<\/div>","protected":false},"excerpt":{"rendered":"<h4>Nem\u00e1te \u010das doch\u00e1zet na skupinov\u00e9 kurzy a chcete p\u0159izp\u016fsobit va\u0161im \u010dasov\u00fdm mo\u017enostem?<br \/>\nPot\u0159ebujete ve v\u00fduce Djingu individu\u00e1ln\u00ed p\u0159\u00edstup?<\/h4>\n<h4 class=\"p1\">Kurz DJING INDIVIDUAL je veden prezen\u010dn\u00ed individu\u00e1ln\u00ed formou.<br \/>\nPo konzultaci se \u0161kolou si student s\u00e1m vytvo\u0159\u00ed sv\u016fj pl\u00e1n v\u00fduky.<br \/>\nP\u0159izp\u016fsob\u00edme se \u00farovni va\u0161eho hran\u00ed a va\u0161im pot\u0159eb\u00e1m.<\/h4>\n<h4 class=\"p1\">M\u00e1te mo\u017enost si dohodnout v\u0161e v individu\u00e1ln\u00edm re\u017eimu! Kontaktujte n\u00e1s!<\/h4>\n<h4><strong>Start: <\/strong>dle domluvy<br \/>\n<strong>D\u00e9lka kurzu:<\/strong> 2 m\u011bs\u00edce \/ 16 hodin<br \/>\n<span style=\"color: #ff0000;\">ZDARMA 16 hodin samostatn\u00e9ho tr\u00e9ninku<\/span><br \/>\n<strong>\u010casov\u00fd rozvrh:\u00a0<\/strong>dle domluvy<br \/>\n<strong>\u00darove\u0148:\u00a0<\/strong>M\u00edrn\u011b pokro\u010dil\u00fd &#8211; pokro\u010dil\u00fd<br \/>\n<strong>Typ kurzu: <\/strong>individu\u00e1ln\u00ed s tr\u00e9ninkov\u00fdmi hodinami<br \/>\n_______________________________<\/h4>","protected":false},"featured_media":11041,"template":"","meta":{"_acf_changed":false,"pmpro_default_level":""},"product_brand":[],"product_cat":[184,110,15],"product_tag":[],"class_list":{"0":"post-11035","1":"product","2":"type-product","3":"status-publish","4":"has-post-thumbnail","6":"product_cat-letniskola","7":"product_cat-dj-kurzy","8":"product_cat-individualnikurzy","9":"pmpro-has-access","11":"first","12":"instock","13":"sale","14":"sold-individually","15":"taxable","16":"shipping-taxable","17":"purchasable","18":"product-type-variable","19":"has-default-attributes"},"acf":[],"_links":{"self":[{"href":"https:\/\/musartedo.com\/en\/wp-json\/wp\/v2\/product\/11035","targetHints":{"allow":["GET"]}}],"collection":[{"href":"https:\/\/musartedo.com\/en\/wp-json\/wp\/v2\/product"}],"about":[{"href":"https:\/\/musartedo.com\/en\/wp-json\/wp\/v2\/types\/product"}],"version-history":[{"count":6,"href":"https:\/\/musartedo.com\/en\/wp-json\/wp\/v2\/product\/11035\/revisions"}],"predecessor-version":[{"id":19393,"href":"https:\/\/musartedo.com\/en\/wp-json\/wp\/v2\/product\/11035\/revisions\/19393"}],"wp:featuredmedia":[{"embeddable":true,"href":"https:\/\/musartedo.com\/en\/wp-json\/wp\/v2\/media\/11041"}],"wp:attachment":[{"href":"https:\/\/musartedo.com\/en\/wp-json\/wp\/v2\/media?parent=11035"}],"wp:term":[{"taxonomy":"product_brand","embeddable":true,"href":"https:\/\/musartedo.com\/en\/wp-json\/wp\/v2\/product_brand?post=11035"},{"taxonomy":"product_cat","embeddable":true,"href":"https:\/\/musartedo.com\/en\/wp-json\/wp\/v2\/product_cat?post=11035"},{"taxonomy":"product_tag","embeddable":true,"href":"https:\/\/musartedo.com\/en\/wp-json\/wp\/v2\/product_tag?post=11035"}],"curies":[{"name":"wp","href":"https:\/\/api.w.org\/{rel}","templated":true}]}}