{"id":18092,"date":"2020-11-28T16:31:59","date_gmt":"2020-11-28T15:31:59","guid":{"rendered":"https:\/\/musartedo.com\/?post_type=product&#038;p=18092"},"modified":"2026-02-28T09:42:37","modified_gmt":"2026-02-28T08:42:37","slug":"flstudio-individual","status":"publish","type":"product","link":"https:\/\/musartedo.com\/en\/kurz\/flstudio-individual\/","title":{"rendered":"FL STUDIO INDIVIDUAL"},"content":{"rendered":"","protected":false},"excerpt":{"rendered":"<h4>32 hodin prezen\u010dn\u00ed v\u00fduky<br \/>\nV\u00fduka prob\u00edh\u00e1 prezen\u010dn\u00ed formou online nebo ve \u0161kole Musartedo dle rozhodnut\u00ed studuj\u00edc\u00edho.<br \/>\nKa\u017edou online lekci nahr\u00e1v\u00e1me, tak\u017ee si je p\u0159i dom\u00e1c\u00edm studiu m\u016f\u017eete zopakovat!<br \/>\nK dispozici budete m\u00edt rovn\u011b\u017e dopl\u0148uj\u00edc\u00ed PDF materi\u00e1ly k v\u00fduce hudebn\u00ed teorie.<\/h4>\n<h4>Start: dle mo\u017enost\u00ed studenta nebo studentky<br \/>\nD\u00e9lka kurzu: 4 m\u011bs\u00edce \/ 32 hodin<br \/>\n\u010casov\u00fd rozvrh: dle mo\u017enost\u00ed studenta nebo studentky<br \/>\n\u00darove\u0148: Za\u010d\u00e1te\u010dn\u00edk \u2013 pokro\u010dil\u00fd<br \/>\nTyp kurzu: Prezen\u010dn\u00ed individu\u00e1ln\u00ed kurz<br \/>\n_________________________________________<\/h4>","protected":false},"featured_media":18132,"template":"","meta":{"_acf_changed":false,"pmpro_default_level":""},"product_brand":[],"product_cat":[134,175,155],"product_tag":[],"class_list":{"0":"post-18092","1":"product","2":"type-product","3":"status-publish","4":"has-post-thumbnail","6":"product_cat-hudebni-produkce","7":"product_cat-fl-studio","8":"product_cat-online-kurzy","9":"pmpro-has-access","11":"first","12":"onbackorder","13":"sale","14":"sold-individually","15":"taxable","16":"shipping-taxable","17":"purchasable","18":"product-type-variable","19":"has-default-attributes"},"acf":[],"_links":{"self":[{"href":"https:\/\/musartedo.com\/en\/wp-json\/wp\/v2\/product\/18092","targetHints":{"allow":["GET"]}}],"collection":[{"href":"https:\/\/musartedo.com\/en\/wp-json\/wp\/v2\/product"}],"about":[{"href":"https:\/\/musartedo.com\/en\/wp-json\/wp\/v2\/types\/product"}],"version-history":[{"count":21,"href":"https:\/\/musartedo.com\/en\/wp-json\/wp\/v2\/product\/18092\/revisions"}],"predecessor-version":[{"id":19375,"href":"https:\/\/musartedo.com\/en\/wp-json\/wp\/v2\/product\/18092\/revisions\/19375"}],"wp:featuredmedia":[{"embeddable":true,"href":"https:\/\/musartedo.com\/en\/wp-json\/wp\/v2\/media\/18132"}],"wp:attachment":[{"href":"https:\/\/musartedo.com\/en\/wp-json\/wp\/v2\/media?parent=18092"}],"wp:term":[{"taxonomy":"product_brand","embeddable":true,"href":"https:\/\/musartedo.com\/en\/wp-json\/wp\/v2\/product_brand?post=18092"},{"taxonomy":"product_cat","embeddable":true,"href":"https:\/\/musartedo.com\/en\/wp-json\/wp\/v2\/product_cat?post=18092"},{"taxonomy":"product_tag","embeddable":true,"href":"https:\/\/musartedo.com\/en\/wp-json\/wp\/v2\/product_tag?post=18092"}],"curies":[{"name":"wp","href":"https:\/\/api.w.org\/{rel}","templated":true}]}}