{"id":18730,"date":"2023-11-07T15:36:07","date_gmt":"2023-11-07T14:36:07","guid":{"rendered":"https:\/\/musartedo.com\/?post_type=product&#038;p=18730"},"modified":"2026-04-10T08:07:03","modified_gmt":"2026-04-10T06:07:03","slug":"ableton-pro-individual","status":"publish","type":"product","link":"https:\/\/musartedo.com\/en\/kurz\/ableton-pro-individual\/","title":{"rendered":"ABLETON PRO INDIVIDUAL"},"content":{"rendered":"","protected":false},"excerpt":{"rendered":"<h5>Rozje\u010fte svou hudebn\u00ed kari\u00e9ru s na\u0161\u00edm exkluzivn\u00edm individu\u00e1ln\u00edm kurzem hudebn\u00ed produkce! V\u00fduka obsahuje 32 hodin intenzivn\u00edho, osobn\u00edho v\u00fdcviku, b\u011bhem kter\u00e9ho se nau\u010d\u00edte pracovat s DAW programem dle va\u0161eho v\u00fdb\u011bru, pochop\u00edte hudebn\u00ed teorii, nau\u010d\u00edte se sound design, mixing, aran\u017em\u00e1 skladby, dekonstrukci skladeb a mnohem v\u00edce. Cel\u00fd kurz je dostupn\u00fd v prezen\u010dn\u00ed nebo online verzi. V p\u0159\u00edpad\u011b online kurz\u016f nav\u00edc v\u0161echny lekce nahr\u00e1v\u00e1me. Studenti a studentky hudebn\u00ed produkce obdr\u017e\u00ed nav\u00edc p\u0159\u00edstup k podrobn\u00e9 video u\u010debnici (24 lekc\u00ed) Ableton Basic nebo Logic Basic.<\/h5>\n<h5>1. Rozvrh uprav\u00edme dle domluvy<br \/>\n2. T\u00e9ma kurzu p\u0159izp\u016fsob\u00edme va\u0161im po\u017eadavk\u016fm<br \/>\n3. V\u00fduka m\u016f\u017ee b\u00fdt prov\u00e1d\u011bna ve \u0161kole nebo online<\/h5>\n<h5>D\u00e9lka kurzu: 32 hodin<br \/>\n\u010casov\u00fd rozvrh: dle domluvy<br \/>\n\u00darove\u0148:\u00a0v\u0161echny \u00farovn\u011b<br \/>\nTyp kurzu: individu\u00e1ln\u00ed<\/h5>","protected":false},"featured_media":18722,"template":"","meta":{"_acf_changed":false,"pmpro_default_level":""},"product_brand":[],"product_cat":[179,15],"product_tag":[],"class_list":{"0":"post-18730","1":"product","2":"type-product","3":"status-publish","4":"has-post-thumbnail","6":"product_cat-ableton-live","7":"product_cat-individualnikurzy","8":"pmpro-has-access","10":"first","11":"instock","12":"sale","13":"sold-individually","14":"taxable","15":"shipping-taxable","16":"purchasable","17":"product-type-variable","18":"has-default-attributes"},"acf":[],"_links":{"self":[{"href":"https:\/\/musartedo.com\/en\/wp-json\/wp\/v2\/product\/18730","targetHints":{"allow":["GET"]}}],"collection":[{"href":"https:\/\/musartedo.com\/en\/wp-json\/wp\/v2\/product"}],"about":[{"href":"https:\/\/musartedo.com\/en\/wp-json\/wp\/v2\/types\/product"}],"version-history":[{"count":5,"href":"https:\/\/musartedo.com\/en\/wp-json\/wp\/v2\/product\/18730\/revisions"}],"predecessor-version":[{"id":19194,"href":"https:\/\/musartedo.com\/en\/wp-json\/wp\/v2\/product\/18730\/revisions\/19194"}],"wp:featuredmedia":[{"embeddable":true,"href":"https:\/\/musartedo.com\/en\/wp-json\/wp\/v2\/media\/18722"}],"wp:attachment":[{"href":"https:\/\/musartedo.com\/en\/wp-json\/wp\/v2\/media?parent=18730"}],"wp:term":[{"taxonomy":"product_brand","embeddable":true,"href":"https:\/\/musartedo.com\/en\/wp-json\/wp\/v2\/product_brand?post=18730"},{"taxonomy":"product_cat","embeddable":true,"href":"https:\/\/musartedo.com\/en\/wp-json\/wp\/v2\/product_cat?post=18730"},{"taxonomy":"product_tag","embeddable":true,"href":"https:\/\/musartedo.com\/en\/wp-json\/wp\/v2\/product_tag?post=18730"}],"curies":[{"name":"wp","href":"https:\/\/api.w.org\/{rel}","templated":true}]}}