{"id":18735,"date":"2023-11-08T12:49:56","date_gmt":"2023-11-08T11:49:56","guid":{"rendered":"https:\/\/musartedo.com\/?post_type=product&#038;p=18735"},"modified":"2025-05-22T13:47:17","modified_gmt":"2025-05-22T11:47:17","slug":"logicpro-individual","status":"publish","type":"product","link":"https:\/\/musartedo.com\/en\/kurz\/logicpro-individual\/","title":{"rendered":"LOGIC PRO INDIVIDUAL"},"content":{"rendered":"<div class=\"content\">\n<div class=\"inner\">\n<div class=\"right\">\n<p>&nbsp;<\/p>\n<\/div>\n<\/div>\n<\/div>\n<div id=\"gtx-trans\" style=\"position: absolute; left: 589px; top: 75.5469px;\">\n<div class=\"gtx-trans-icon\"><\/div>\n<\/div>","protected":false},"excerpt":{"rendered":"<h4>NOV\u00c1 KONCEPCE HYBRIDN\u00cdHO KURZU<br \/>\n32 VYU\u010cOVAC\u00cdCH HODIN<br \/>\nV\u0160ECHNY LEKCE NAHR\u00c1V\u00c1ME<br \/>\nObsah kurzu:<br \/>\nPokro\u010dil\u00e1 hudebn\u00ed teorie, DAW Logic Pro X, sound design, aran\u017em\u00e1, mix a master. hudebn\u00ed byznys<\/h4>\n<h4>Start: dle domluvy<br \/>\nD\u00e9lka kurzu: 4 m\u011bs\u00edce \/ 32 vyu\u010dovac\u00edch hodin<br \/>\n\u010casov\u00fd rozvrh:\u2028 V\u00fdkladov\u00e9 lekce v\u017edy jednou t\u00fddn\u011b 2 hodiny<br \/>\n\u00darove\u0148:\u00a0Za\u010d\u00e1te\u010dn\u00edk &#8211; M\u00edrn\u011b pokro\u010dil\u00fd &#8211; Pokro\u010dil\u00fd<br \/>\nTyp kurzu:\u00a0INDIVIDU\u00c1LN\u00cd KURZ<br \/>\nForma: Prezen\u010dn\u00ed ve \u0161kole nebo prezen\u010dn\u00ed online<\/h4>\n<h4>Po \u00fasp\u011b\u0161n\u00e9m absolvov\u00e1n\u00ed kurzu obdr\u017e\u00ed student nebo studentka certifik\u00e1t \u0161koly Musartedo<\/h4>","protected":false},"featured_media":18495,"template":"","meta":{"_acf_changed":false,"pmpro_default_level":""},"product_brand":[],"product_cat":[134,176],"product_tag":[],"class_list":{"0":"post-18735","1":"product","2":"type-product","3":"status-publish","4":"has-post-thumbnail","6":"product_cat-hudebni-produkce","7":"product_cat-logicpro","8":"pmpro-has-access","10":"first","11":"instock","12":"sale","13":"sold-individually","14":"taxable","15":"shipping-taxable","16":"purchasable","17":"product-type-variable","18":"has-default-attributes"},"acf":[],"_links":{"self":[{"href":"https:\/\/musartedo.com\/en\/wp-json\/wp\/v2\/product\/18735","targetHints":{"allow":["GET"]}}],"collection":[{"href":"https:\/\/musartedo.com\/en\/wp-json\/wp\/v2\/product"}],"about":[{"href":"https:\/\/musartedo.com\/en\/wp-json\/wp\/v2\/types\/product"}],"version-history":[{"count":9,"href":"https:\/\/musartedo.com\/en\/wp-json\/wp\/v2\/product\/18735\/revisions"}],"predecessor-version":[{"id":19200,"href":"https:\/\/musartedo.com\/en\/wp-json\/wp\/v2\/product\/18735\/revisions\/19200"}],"wp:featuredmedia":[{"embeddable":true,"href":"https:\/\/musartedo.com\/en\/wp-json\/wp\/v2\/media\/18495"}],"wp:attachment":[{"href":"https:\/\/musartedo.com\/en\/wp-json\/wp\/v2\/media?parent=18735"}],"wp:term":[{"taxonomy":"product_brand","embeddable":true,"href":"https:\/\/musartedo.com\/en\/wp-json\/wp\/v2\/product_brand?post=18735"},{"taxonomy":"product_cat","embeddable":true,"href":"https:\/\/musartedo.com\/en\/wp-json\/wp\/v2\/product_cat?post=18735"},{"taxonomy":"product_tag","embeddable":true,"href":"https:\/\/musartedo.com\/en\/wp-json\/wp\/v2\/product_tag?post=18735"}],"curies":[{"name":"wp","href":"https:\/\/api.w.org\/{rel}","templated":true}]}}