{"id":19180,"date":"2024-05-04T20:55:09","date_gmt":"2024-05-04T18:55:09","guid":{"rendered":"https:\/\/musartedo.com\/?post_type=product&#038;p=19180"},"modified":"2026-02-18T14:00:28","modified_gmt":"2026-02-18T13:00:28","slug":"logic-mixing-individual","status":"publish","type":"product","link":"https:\/\/musartedo.com\/en\/kurz\/logic-mixing-individual\/","title":{"rendered":"LOGIC MIXING INDIVIDUAL"},"content":{"rendered":"<p>Vybudovali jste si vlastn\u00ed dom\u00e1c\u00ed studio?<\/p>\n<p>M\u00e1te ambice hr\u00e1t vlastn\u00ed skladby v klubech nebo proniknout se svoj\u00ed tvorbou do mezin\u00e1rodn\u00edho labelu? Sen se m\u016f\u017ee st\u00e1t skute\u010dnost\u00ed, jste-li ochotn\u00ed pro to n\u011bco ud\u011blat.<\/p>\n<p>V pr\u016fb\u011bhu na\u0161ich kurz\u016f Mixingu a masteringu si osvoj\u00edte principy, jak nastavit pom\u011bry hlasitosti mezi stopami, jak ekvalizovat, komprimovat, jak pou\u017e\u00edvat prostorov\u00e9, satura\u010dn\u00ed a dal\u0161\u00ed efekty a mnoho dal\u0161\u00edch nezbytn\u00fdch dovednost\u00ed.<\/p>\n<p>Chcete, aby v\u00e1\u0161 mix a master zn\u011bl dob\u0159e na sc\u00e9n\u011b i z iPadu? Pod veden\u00edm Rista Sokolovski, lektora s 15 letou prax\u00ed v oboru, to dok\u00e1\u017eete<\/p>","protected":false},"excerpt":{"rendered":"<h4>Pozvedni sv\u016fj mixing na profesion\u00e1ln\u00ed \u00farove\u0148!<br \/>\nPoznej nejnov\u011bj\u0161\u00ed technologie v oboru.<br \/>\nNau\u010d se rozum\u011bt mixu a jeho skladb\u011b a sta\u0148 se nez\u00e1visl\u00fd na velk\u00fdch studi\u00edch.<\/h4>\n<h4>Start: dle domluvy se studentem nebo studentkou<br \/>\nD\u00e9lka kurzu: 4 m\u011bs\u00edce \/ 32 teoretick\u00fdch hodin<br \/>\n\u010casov\u00fd rozvrh: dle domluvy<br \/>\n\u00darove\u0148 znalost\u00ed: M\u00edrn\u011b pokro\u010dil\u00fd &#8211; Pokro\u010dil\u00fd<br \/>\nTyp kurzu: prezen\u010dn\u00ed individu\u00e1ln\u00ed kurz ve \u0161kole Musartedo nebo online<br \/>\n_________________________________________<\/h4>","protected":false},"featured_media":18547,"template":"","meta":{"_acf_changed":false,"pmpro_default_level":""},"product_brand":[],"product_cat":[134,176,178,15],"product_tag":[],"class_list":{"0":"post-19180","1":"product","2":"type-product","3":"status-publish","4":"has-post-thumbnail","6":"product_cat-hudebni-produkce","7":"product_cat-logicpro","8":"product_cat-mixing-mastering","9":"product_cat-individualnikurzy","10":"pa_-video-produkce","11":"pmpro-has-access","13":"first","14":"instock","15":"sale","16":"sold-individually","17":"taxable","18":"shipping-taxable","19":"purchasable","20":"product-type-variable","21":"has-default-attributes"},"acf":[],"_links":{"self":[{"href":"https:\/\/musartedo.com\/en\/wp-json\/wp\/v2\/product\/19180","targetHints":{"allow":["GET"]}}],"collection":[{"href":"https:\/\/musartedo.com\/en\/wp-json\/wp\/v2\/product"}],"about":[{"href":"https:\/\/musartedo.com\/en\/wp-json\/wp\/v2\/types\/product"}],"version-history":[{"count":4,"href":"https:\/\/musartedo.com\/en\/wp-json\/wp\/v2\/product\/19180\/revisions"}],"predecessor-version":[{"id":19189,"href":"https:\/\/musartedo.com\/en\/wp-json\/wp\/v2\/product\/19180\/revisions\/19189"}],"wp:featuredmedia":[{"embeddable":true,"href":"https:\/\/musartedo.com\/en\/wp-json\/wp\/v2\/media\/18547"}],"wp:attachment":[{"href":"https:\/\/musartedo.com\/en\/wp-json\/wp\/v2\/media?parent=19180"}],"wp:term":[{"taxonomy":"product_brand","embeddable":true,"href":"https:\/\/musartedo.com\/en\/wp-json\/wp\/v2\/product_brand?post=19180"},{"taxonomy":"product_cat","embeddable":true,"href":"https:\/\/musartedo.com\/en\/wp-json\/wp\/v2\/product_cat?post=19180"},{"taxonomy":"product_tag","embeddable":true,"href":"https:\/\/musartedo.com\/en\/wp-json\/wp\/v2\/product_tag?post=19180"}],"curies":[{"name":"wp","href":"https:\/\/api.w.org\/{rel}","templated":true}]}}