{"id":19202,"date":"2024-05-04T22:07:17","date_gmt":"2024-05-04T20:07:17","guid":{"rendered":"https:\/\/musartedo.com\/?post_type=product&#038;p=19202"},"modified":"2026-02-11T08:57:30","modified_gmt":"2026-02-11T07:57:30","slug":"logic-basic-individual","status":"publish","type":"product","link":"https:\/\/musartedo.com\/en\/kurz\/logic-basic-individual\/","title":{"rendered":"LOGIC BASIC INDIVIDUAL"},"content":{"rendered":"","protected":false},"excerpt":{"rendered":"<h5>Chcete se st\u00e1t DJem nebo hudebn\u00edm producentem? Chcete se specializovat v n\u011bjak\u00e9 hudebn\u00ed \u017e\u00e1nry nebo oblasti hudebn\u00ed tvorby? Pak je tento individu\u00e1ln\u00ed kurz p\u0159esn\u011b pro v\u00e1s! 16 hodin intenzivn\u00edho v\u00fdcviku m\u016f\u017eete absolvovat bu\u010f prezen\u010dn\u011b nebo online, dle va\u0161\u00ed preference. Vyberte si t\u00e9ma, kter\u00e9 v\u00e1s nejv\u00edce zaj\u00edm\u00e1 a za\u010d\u00edt m\u016f\u017eete okam\u017eit\u011b. V p\u0159\u00edpad\u011b online kurz\u016f nav\u00edc v\u0161echny lekce nahr\u00e1v\u00e1me. Jestli\u017ee si zvol\u00edte kurz hudebn\u00ed produkce, obdr\u017e\u00edte nav\u00edc p\u0159\u00edstup k podrobn\u00e9 video u\u010debnici (24 lekc\u00ed) Ableton Basic nebo Logic Basic.<\/h5>\n<h5>1. Rozvrh uprav\u00edme dle domluvy<br \/>\n2. T\u00e9ma kurzu p\u0159izp\u016fsob\u00edme va\u0161im po\u017eadavk\u016fm<br \/>\n3. V\u00fduka m\u016f\u017ee b\u00fdt prov\u00e1d\u011bna ve \u0161kole nebo online<\/h5>\n<h5>D\u00e9lka kurzu: 16 hodin<br \/>\n\u010casov\u00fd rozvrh: dle domluvy<br \/>\n\u00darove\u0148:\u00a0v\u0161echny \u00farovn\u011b<br \/>\nTyp kurzu: individu\u00e1ln\u00ed<\/h5>","protected":false},"featured_media":18722,"template":"","meta":{"_acf_changed":false,"pmpro_default_level":""},"product_brand":[],"product_cat":[176],"product_tag":[],"class_list":{"0":"post-19202","1":"product","2":"type-product","3":"status-publish","4":"has-post-thumbnail","6":"product_cat-logicpro","7":"pmpro-has-access","9":"first","10":"instock","11":"sale","12":"sold-individually","13":"taxable","14":"shipping-taxable","15":"purchasable","16":"product-type-variable","17":"has-default-attributes"},"acf":[],"_links":{"self":[{"href":"https:\/\/musartedo.com\/en\/wp-json\/wp\/v2\/product\/19202","targetHints":{"allow":["GET"]}}],"collection":[{"href":"https:\/\/musartedo.com\/en\/wp-json\/wp\/v2\/product"}],"about":[{"href":"https:\/\/musartedo.com\/en\/wp-json\/wp\/v2\/types\/product"}],"version-history":[{"count":1,"href":"https:\/\/musartedo.com\/en\/wp-json\/wp\/v2\/product\/19202\/revisions"}],"predecessor-version":[{"id":19205,"href":"https:\/\/musartedo.com\/en\/wp-json\/wp\/v2\/product\/19202\/revisions\/19205"}],"wp:featuredmedia":[{"embeddable":true,"href":"https:\/\/musartedo.com\/en\/wp-json\/wp\/v2\/media\/18722"}],"wp:attachment":[{"href":"https:\/\/musartedo.com\/en\/wp-json\/wp\/v2\/media?parent=19202"}],"wp:term":[{"taxonomy":"product_brand","embeddable":true,"href":"https:\/\/musartedo.com\/en\/wp-json\/wp\/v2\/product_brand?post=19202"},{"taxonomy":"product_cat","embeddable":true,"href":"https:\/\/musartedo.com\/en\/wp-json\/wp\/v2\/product_cat?post=19202"},{"taxonomy":"product_tag","embeddable":true,"href":"https:\/\/musartedo.com\/en\/wp-json\/wp\/v2\/product_tag?post=19202"}],"curies":[{"name":"wp","href":"https:\/\/api.w.org\/{rel}","templated":true}]}}