{"id":19752,"date":"2026-03-16T17:56:39","date_gmt":"2026-03-16T16:56:39","guid":{"rendered":"https:\/\/musartedo.com\/?post_type=product&#038;p=19752"},"modified":"2026-05-09T20:32:46","modified_gmt":"2026-05-09T18:32:46","slug":"djbasic","status":"publish","type":"product","link":"https:\/\/musartedo.com\/en\/kurz\/djbasic\/","title":{"rendered":"DJ BASIC KV\u011aTEN"},"content":{"rendered":"<p>&nbsp;<\/p>\n<p>https:\/\/musartedo.com\/2019\/12\/13\/prakticke-rady-pro-zacinajici-djs\/<\/p>\n<p><iframe title=\"Zapojeni\u0301 DJ setupu\" width=\"640\" height=\"360\" src=\"https:\/\/www.youtube.com\/embed\/8K4O_yGwRP0?start=78&#038;feature=oembed\" frameborder=\"0\" allow=\"accelerometer; autoplay; clipboard-write; encrypted-media; gyroscope; picture-in-picture; web-share\" referrerpolicy=\"strict-origin-when-cross-origin\" allowfullscreen><\/iframe><\/p>","protected":false},"excerpt":{"rendered":"<p style=\"font-size: 18px; line-height: 1.6; text-align: left;\">\ud83d\udca5 <strong style=\"color: #e74c3c;\">ZDARMA tr\u00e9ninkov\u00e9 hodiny v hodnot\u011b 3 000 K\u010d<\/strong><br \/>\n\ud83d\udca5 <strong style=\"color: #27ae60;\">Celkem 24 hodin v\u00fduky a tr\u00e9ninku<\/strong> v profesion\u00e1ln\u00edm prost\u0159ed\u00ed \u0161koly Musartedo<\/p>\n<p style=\"line-height: 1.8; text-align: left;\">P\u0159idej se do jednoho z <strong style=\"color: #2980b9;\">nejobl\u00edben\u011bj\u0161\u00edch kurz\u016f Musartedo<\/strong> a objev sv\u011bt DJingu od \u00fapln\u00fdch z\u00e1klad\u016f.<br \/>\nNau\u010d\u00ed\u0161 se <strong style=\"color: #8e44ad;\">pracovat s hudbou, mixovat elektroniku harmonicky i kreativn\u011b<\/strong> a postupn\u011b si vybuduje\u0161 vlastn\u00ed DJ styl.<\/p>\n<p style=\"line-height: 1.8; text-align: left;\">\ud83d\udc49 Mal\u00e1 skupina max. <strong style=\"color: #e67e22;\">6 student\u016f a studentek<\/strong> ti zaru\u010d\u00ed osobn\u00ed p\u0159\u00edstup a dostatek prostoru za pultem.<br \/>\n\ud83d\udc49 V\u00fduka prob\u00edh\u00e1 na <strong style=\"color: #27ae60;\">\u0161pi\u010dkov\u00e9 technice Pioneer<\/strong> + <strong style=\"color: #2980b9;\">Apple iMac<\/strong>.<\/p>\n<hr style=\"margin: 25px 0;\" \/>\n<h3 style=\"color: #2c3e50; text-align: left;\">\ud83d\udcc5 Detaily kurzu<\/h3>\n<ul style=\"list-style: '\ud83c\udfb5 '; margin-left: 20px; line-height: 1.8; text-align: left;\">\n<li><strong>Start:<\/strong> 20. kv\u011btna 2026<\/li>\n<li><strong>D\u00e9lka:<\/strong> 24 hodin<\/li>\n<li><strong>V\u00fdkladov\u00e9 lekce:<\/strong> 12 hodin \/ 6 lekc\u00ed (ka\u017edou st\u0159edu 17:30\u201319:30)<\/li>\n<li><strong>Samostatn\u00fd tr\u00e9nink:<\/strong> 12 hodin <span style=\"color: #27ae60; font-weight: bold;\">ZDARMA<\/span><\/li>\n<li><strong>\u00darove\u0148:<\/strong> Za\u010d\u00e1te\u010dn\u00edk nebo m\u00edrn\u011b pokro\u010dil\u00fd<\/li>\n<li><strong>Typ kurzu:<\/strong> skupinov\u00fd kurz + samostatn\u00fd tr\u00e9nink<\/li>\n<li><strong>Max. kapacita:<\/strong> 6 student\u016f a studentek<\/li>\n<\/ul>","protected":false},"featured_media":19798,"template":"","meta":{"_acf_changed":false,"pmpro_default_level":""},"product_brand":[],"product_cat":[110],"product_tag":[180],"class_list":{"0":"post-19752","1":"product","2":"type-product","3":"status-publish","4":"has-post-thumbnail","6":"product_cat-dj-kurzy","7":"product_tag-promo","8":"pmpro-has-access","10":"first","11":"instock","12":"sale","13":"sold-individually","14":"taxable","15":"shipping-taxable","16":"purchasable","17":"product-type-variable","18":"has-default-attributes"},"acf":[],"_links":{"self":[{"href":"https:\/\/musartedo.com\/en\/wp-json\/wp\/v2\/product\/19752","targetHints":{"allow":["GET"]}}],"collection":[{"href":"https:\/\/musartedo.com\/en\/wp-json\/wp\/v2\/product"}],"about":[{"href":"https:\/\/musartedo.com\/en\/wp-json\/wp\/v2\/types\/product"}],"version-history":[{"count":26,"href":"https:\/\/musartedo.com\/en\/wp-json\/wp\/v2\/product\/19752\/revisions"}],"predecessor-version":[{"id":19871,"href":"https:\/\/musartedo.com\/en\/wp-json\/wp\/v2\/product\/19752\/revisions\/19871"}],"wp:featuredmedia":[{"embeddable":true,"href":"https:\/\/musartedo.com\/en\/wp-json\/wp\/v2\/media\/19798"}],"wp:attachment":[{"href":"https:\/\/musartedo.com\/en\/wp-json\/wp\/v2\/media?parent=19752"}],"wp:term":[{"taxonomy":"product_brand","embeddable":true,"href":"https:\/\/musartedo.com\/en\/wp-json\/wp\/v2\/product_brand?post=19752"},{"taxonomy":"product_cat","embeddable":true,"href":"https:\/\/musartedo.com\/en\/wp-json\/wp\/v2\/product_cat?post=19752"},{"taxonomy":"product_tag","embeddable":true,"href":"https:\/\/musartedo.com\/en\/wp-json\/wp\/v2\/product_tag?post=19752"}],"curies":[{"name":"wp","href":"https:\/\/api.w.org\/{rel}","templated":true}]}}