{"id":19843,"date":"2026-03-18T12:39:27","date_gmt":"2026-03-18T11:39:27","guid":{"rendered":"https:\/\/musartedo.com\/?post_type=product&#038;p=19843"},"modified":"2026-03-20T13:12:52","modified_gmt":"2026-03-20T12:12:52","slug":"logicproducer","status":"publish","type":"product","link":"https:\/\/musartedo.com\/en\/kurz\/logicproducer\/","title":{"rendered":"LOGIC PRODUCER"},"content":{"rendered":"","protected":false},"excerpt":{"rendered":"<h4><strong>80 vyu\u010dovac\u00edch hodin | 100+1 video tutori\u00e1l\u016f | Masterclasses<\/strong><\/h4>\n<p>Revolu\u010dn\u00ed kurz hudebn\u00ed produkce, kter\u00fd v\u00e1s systematicky provede tvorbou skladeb \u2013 od prvn\u00edch MIDI not a\u017e po fin\u00e1ln\u00ed export p\u0159ipraven\u00fd pro Spotify, r\u00e1dio nebo klub.<br \/>\nKurz je postaven na v\u00edce ne\u017e 10 letech pedagogick\u00e9 praxe a je ur\u010den za\u010d\u00e1te\u010dn\u00edk\u016fm i pokro\u010dil\u00fdm.<br \/>\nPrezen\u010dn\u00ed online v\u00fduku dopl\u0148uje 100+ profesion\u00e1ln\u011b zpracovan\u00fdch video tutori\u00e1l\u016f, producentsk\u00e9 MasterClassy a vizu\u00e1ln\u011b zpracovan\u00e1 PDF kniha Hudebn\u00ed teorie.<\/p>\n<h4><strong>\ud83d\udcc5 Za\u010d\u00e1tek kurzu: 24. z\u00e1\u0159\u00ed 2026<\/strong><\/h4>\n<p>\ud83d\udd52 D\u00e9lka: 10 m\u011bs\u00edc\u016f \/ 80 vyu\u010dovac\u00edch hodin<br \/>\n\ud83d\udccd V\u00fduka: v\u017edy ve \u010dtvrtek 1x 14 dn\u00ed<br \/>\n\ud83c\udfa7 Podpora: mo\u017enost individu\u00e1ln\u00ed konzultace (500 K\u010d \/ hodinu)<br \/>\n\ud83c\udfac Bonusy: ka\u017ed\u00fd t\u00fdden nov\u00e9 video<br \/>\n\ud83d\udcd8 Materi\u00e1ly: PDF kniha hudebn\u00ed teorie ke sta\u017een\u00ed<\/p>\n<p>\ud83e\udde0 \u00darove\u0148: Za\u010d\u00e1te\u010dn\u00edk \u2013 M\u00edrn\u011b pokro\u010dil\u00fd \u2013 Pokro\u010dil\u00fd<br \/>\n\ud83d\udc65 Forma: Skupinov\u00fd prezen\u010dn\u00ed online kurz<\/p>\n<p>\ud83c\udf93 Po absolvov\u00e1n\u00ed z\u00edsk\u00e1te:<br \/>\nOfici\u00e1ln\u00ed certifik\u00e1t \u0161koly Musartedo<\/p>","protected":false},"featured_media":19847,"template":"","meta":{"_acf_changed":false,"pmpro_default_level":""},"product_brand":[],"product_cat":[176],"product_tag":[180],"class_list":{"0":"post-19843","1":"product","2":"type-product","3":"status-publish","4":"has-post-thumbnail","6":"product_cat-logicpro","7":"product_tag-promo","8":"pmpro-has-access","10":"first","11":"instock","12":"sold-individually","13":"taxable","14":"shipping-taxable","15":"purchasable","16":"product-type-variable","17":"has-default-attributes"},"acf":[],"_links":{"self":[{"href":"https:\/\/musartedo.com\/en\/wp-json\/wp\/v2\/product\/19843","targetHints":{"allow":["GET"]}}],"collection":[{"href":"https:\/\/musartedo.com\/en\/wp-json\/wp\/v2\/product"}],"about":[{"href":"https:\/\/musartedo.com\/en\/wp-json\/wp\/v2\/types\/product"}],"version-history":[{"count":6,"href":"https:\/\/musartedo.com\/en\/wp-json\/wp\/v2\/product\/19843\/revisions"}],"predecessor-version":[{"id":19852,"href":"https:\/\/musartedo.com\/en\/wp-json\/wp\/v2\/product\/19843\/revisions\/19852"}],"wp:featuredmedia":[{"embeddable":true,"href":"https:\/\/musartedo.com\/en\/wp-json\/wp\/v2\/media\/19847"}],"wp:attachment":[{"href":"https:\/\/musartedo.com\/en\/wp-json\/wp\/v2\/media?parent=19843"}],"wp:term":[{"taxonomy":"product_brand","embeddable":true,"href":"https:\/\/musartedo.com\/en\/wp-json\/wp\/v2\/product_brand?post=19843"},{"taxonomy":"product_cat","embeddable":true,"href":"https:\/\/musartedo.com\/en\/wp-json\/wp\/v2\/product_cat?post=19843"},{"taxonomy":"product_tag","embeddable":true,"href":"https:\/\/musartedo.com\/en\/wp-json\/wp\/v2\/product_tag?post=19843"}],"curies":[{"name":"wp","href":"https:\/\/api.w.org\/{rel}","templated":true}]}}